{"id":3446,"date":"2025-11-16T13:51:11","date_gmt":"2025-11-16T13:51:11","guid":{"rendered":"https:\/\/enchanta.ee\/?post_type=product&#038;p=3446"},"modified":"2025-11-16T14:24:18","modified_gmt":"2025-11-16T14:24:18","slug":"must-muskus","status":"publish","type":"product","link":"https:\/\/enchanta.ee\/en\/product\/must-muskus\/","title":{"rendered":"Must Muskus (4 ml) | Maagiline parf\u00fc\u00fcm"},"content":{"rendered":"<div id=\"fws_69de2b78e57d2\"  data-column-margin=\"default\" data-midnight=\"dark\" data-top-percent=\"3%\" data-bottom-percent=\"6%\"  class=\"wpb_row vc_row-fluid vc_row full-width-content vc_row-o-equal-height vc_row-flex vc_row-o-content-middle  right_padding_6pct left_padding_6pct reverse_columns_column_tablet reverse_columns_column_phone right_padding_tablet_8pct left_padding_tablet_8pct\"  style=\"padding-top: calc(100vw * 0.03); padding-bottom: calc(100vw * 0.06); \"><div class=\"row-bg-wrap\" data-bg-animation=\"none\" data-bg-animation-delay=\"\" data-bg-overlay=\"false\"><div class=\"inner-wrap row-bg-layer\" ><div class=\"row-bg viewport-desktop\"  style=\"\"><\/div><\/div><\/div><div class=\"row_col_wrap_12 col span_12 dark left\">\n\t<div  class=\"vc_col-sm-6 wpb_column column_container vc_column_container col padding-3-percent no-extra-padding_tablet no-extra-padding_phone\"  data-padding-pos=\"all\" data-has-bg-color=\"false\" data-bg-color=\"\" data-bg-opacity=\"1\" data-animation=\"\" data-delay=\"0\" >\n\t\t<div class=\"vc_column-inner\" >\n\t\t\t<div class=\"wpb_wrapper\">\n\t\t\t\t<div class=\"nectar-split-heading\" data-align=\"default\" data-m-align=\"inherit\" data-text-effect=\"default\" data-animation-type=\"line-reveal-by-space\" data-animation-delay=\"0\" data-animation-offset=\"\" data-m-rm-animation=\"\" data-stagger=\"\" data-custom-font-size=\"true\" style=\"font-size: 3vw; line-height: 3.3vw;\"><h2 style=\" color: #c0c0c0;\">Maagiline toime<\/h2><\/div><div class=\"nectar-fancy-ul\" data-list-icon=\"icon-salient-thin-line\" data-animation=\"false\" data-animation-delay=\"0\" data-color=\"accent-color\" data-spacing=\"default\" data-alignment=\"left\"> Must Muskus parf\u00fc\u00fcmi maagilised omadused:<\/p>\n<ul>\n<li class=\"cvGsUA direction-ltr align-start para-style-body\">Protection<\/li>\n<li>Alateadvuse tarkus<\/li>\n<li>Sisemine j\u00f5ud<\/li>\n<li>Autoriteetsus ja enesekindlus<\/li>\n<li>Varju ja valguse tasakaal<\/li>\n<li>L\u00e4bitungiv teadlikkus<\/li>\n<\/ul>\n<p>Tegemist on puhta ja intensiivse parf\u00fc\u00fcm\u00f5liga, mis ei ole lahendatud alkoholiga. <\/div>\n\t\t\t<\/div> \n\t\t<\/div>\n\t<\/div> \n\n\t<div  class=\"vc_col-sm-6 wpb_column column_container vc_column_container col no-extra-padding el_spacing_0px inherit_tablet inherit_phone\"  data-padding-pos=\"all\" data-has-bg-color=\"false\" data-bg-color=\"\" data-bg-opacity=\"1\" data-animation=\"\" data-delay=\"0\" >\n\t\t<div class=\"vc_column-inner\" >\n\t\t\t<div class=\"wpb_wrapper\">\n\t\t\t\t<div id=\"fws_69de2b78e5fed\" data-midnight=\"\" data-column-margin=\"default\" class=\"wpb_row vc_row-fluid vc_row inner_row  left_padding_tablet_10pct\"  style=\"\"><div class=\"row-bg-wrap\"> <div class=\"row-bg\" ><\/div> <\/div><div class=\"row_col_wrap_12_inner col span_12  left\">\n\t<div style=\"\" class=\"vc_col-sm-12 wpb_column column_container vc_column_container col child_column no-extra-padding inherit_tablet inherit_phone\"  data-using-bg=\"true\" data-bg-cover=\"true\" data-padding-pos=\"all\" data-has-bg-color=\"false\" data-bg-color=\"\" data-bg-opacity=\"1\" data-animation=\"\" data-delay=\"0\" >\n\t\t<div class=\"vc_column-inner\" ><div class=\"column-image-bg-wrap column-bg-layer viewport-desktop\" data-bg-pos=\"center center\" data-bg-animation=\"none\" data-bg-overlay=\"false\"><div class=\"inner-wrap\"><div class=\"column-image-bg\" style=\" background-image: url('https:\/\/enchanta.ee\/wp-content\/uploads\/2025\/11\/IMG_7802-scaled.jpg'); \"><\/div><\/div><\/div>\n\t\t<div class=\"wpb_wrapper\">\n\t\t\t<div class=\"divider-wrap height_tablet_70vh height_phone_60vh\" data-alignment=\"default\"><div style=\"height: 70vh;\" class=\"divider\"><\/div><\/div>\n\t\t<\/div> \n\t<\/div>\n\t<\/div> \n<\/div><\/div>\n\t\t\t<\/div> \n\t\t<\/div>\n\t<\/div> \n<\/div><\/div>\n\t\t<div id=\"fws_69de2b78e6734\"  data-column-margin=\"default\" data-midnight=\"dark\"  class=\"wpb_row vc_row-fluid vc_row\"  style=\"padding-top: 0px; padding-bottom: 0px; \"><div class=\"row-bg-wrap\" data-bg-animation=\"none\" data-bg-animation-delay=\"\" data-bg-overlay=\"false\"><div class=\"inner-wrap row-bg-layer\" ><div class=\"row-bg viewport-desktop\"  style=\"\"><\/div><\/div><\/div><div class=\"row_col_wrap_12 col span_12 dark left\">\n\t<div  class=\"vc_col-sm-12 wpb_column column_container vc_column_container col no-extra-padding inherit_tablet inherit_phone\"  data-padding-pos=\"all\" data-has-bg-color=\"false\" data-bg-color=\"\" data-bg-opacity=\"1\" data-animation=\"\" data-delay=\"0\" >\n\t\t<div class=\"vc_column-inner\" >\n\t\t\t<div class=\"wpb_wrapper\">\n\t\t\t\t\n<div class=\"wpb_text_column wpb_content_element\" >\n\t<div class=\"wpb_wrapper\">\n\t\t<p style=\"text-align: center;\">Apply a small amount of perfume to the third eye, wrists and neck. Very little oil is used and it lasts a long time. Its effect can be felt in your aura and energy for several days even after washing.<\/p>\n\t<\/div>\n<\/div>\n\n\n\n\n\t\t\t<\/div> \n\t\t<\/div>\n\t<\/div> \n<\/div><\/div>","protected":false},"excerpt":{"rendered":"<div class=\"flex-shrink-0 flex flex-col relative items-end\">\n<div class=\"pt-0\">\n<div class=\"gizmo-bot-avatar flex h-8 w-8 items-center justify-center overflow-hidden rounded-full\">\n<div class=\"relative p-1 rounded-sm flex items-center justify-center bg-token-main-surface-primary text-token-text-primary h-8 w-8\">\n<p data-start=\"136\" data-end=\"398\">S\u00fcgavus, mis ei paljasta end kellelegi juhuslikult. Must Muskus on l\u00f5hn, mis avaneb vaid neile, kes julgevad vaadata enda sisse ja puudutada j\u00f5udu, mis seal vaikuses oodanud on. Must muskus \u00e4ratab sinus \u00fcrgse kohalolu, millel on omaenda r\u00fctm ja autoriteet.<\/p>\n<p data-start=\"400\" data-end=\"683\">See parf\u00fc\u00fcm on kui iidne looma\u00advaim, kes valvab sinu sisemaailma v\u00e4ravaid. Ta ei paku pehmust ega lohutust, vaid kutsub sind vabaks laskma need maskid, mis sind enam ei teeni. Must Muskus s\u00fc\u00fctab sinus kontrollitud, sihikindla leegina j\u00f5u, mis ei vaja t\u00f5estamist \u2013 ta lihtsalt on.<\/p>\n<p data-start=\"685\" data-end=\"853\">See l\u00f5hn kannab sind alateadvuse s\u00fcgavustesse, kuhu ligip\u00e4\u00e4su saavad vaid need, kes otsivad t\u00f5de, mitte illusioone. \u00dcrgne elegants, vaikne j\u00f5ud, magnetiline kohalolu.<\/p>\n<p data-start=\"855\" data-end=\"953\" data-is-last-node=\"\" data-is-only-node=\"\">Must muskus pole lihtsalt parf\u00fc\u00fcm. See on rituaal, mis avab ukse sinu k\u00f5ige puhtamale j\u00f5uallikale.<\/p>\n<\/div>\n<\/div>\n<\/div>\n<\/div>","protected":false},"featured_media":3447,"template":"","meta":[],"product_brand":[],"product_cat":[19,20,21,31,24,23],"product_tag":[],"class_list":{"0":"post-3446","1":"product","2":"type-product","3":"status-publish","4":"has-post-thumbnail","6":"product_cat-armastus-suhted","7":"product_cat-kaitse","8":"product_cat-kullus","9":"product_cat-maagilised-parfuumid","10":"product_cat-rahu-tasakaal","11":"product_cat-vaimsed-voimed","13":"first","14":"instock","15":"sale","16":"shipping-taxable","17":"purchasable","18":"product-type-simple"},"yoast_head":"<!-- This site is optimized with the Yoast SEO plugin v27.3 - https:\/\/yoast.com\/product\/yoast-seo-wordpress\/ -->\n<title>Must Muskus (4 ml) | Maagiline parf\u00fc\u00fcm - Enchanta<\/title>\n<meta name=\"robots\" content=\"index, follow, max-snippet:-1, max-image-preview:large, max-video-preview:-1\" \/>\n<link rel=\"canonical\" href=\"https:\/\/enchanta.ee\/en\/product\/must-muskus\/\" \/>\n<meta property=\"og:locale\" content=\"en_US\" \/>\n<meta property=\"og:type\" content=\"article\" \/>\n<meta property=\"og:title\" content=\"Must Muskus (4 ml) | Maagiline parf\u00fc\u00fcm - Enchanta\" \/>\n<meta property=\"og:description\" content=\"S\u00fcgavus, mis ei paljasta end kellelegi juhuslikult. Must Muskus on l\u00f5hn, mis avaneb vaid neile, kes julgevad vaadata enda sisse ja puudutada j\u00f5udu, mis seal vaikuses oodanud on. Must muskus \u00e4ratab sinus \u00fcrgse kohalolu, millel on omaenda r\u00fctm ja autoriteet. See parf\u00fc\u00fcm on kui iidne looma\u00advaim, kes valvab sinu sisemaailma v\u00e4ravaid. Ta ei paku pehmust ega lohutust, vaid kutsub sind vabaks laskma need maskid, mis sind enam ei teeni. Must Muskus s\u00fc\u00fctab sinus kontrollitud, sihikindla leegina j\u00f5u, mis ei vaja t\u00f5estamist \u2013 ta lihtsalt on. See l\u00f5hn kannab sind alateadvuse s\u00fcgavustesse, kuhu ligip\u00e4\u00e4su saavad vaid need, kes otsivad t\u00f5de, mitte illusioone. \u00dcrgne elegants, vaikne j\u00f5ud, magnetiline kohalolu. Must muskus pole lihtsalt parf\u00fc\u00fcm. See on rituaal, mis avab ukse sinu k\u00f5ige puhtamale j\u00f5uallikale.\" \/>\n<meta property=\"og:url\" content=\"https:\/\/enchanta.ee\/en\/product\/must-muskus\/\" \/>\n<meta property=\"og:site_name\" content=\"Enchanta\" \/>\n<meta property=\"article:modified_time\" content=\"2025-11-16T14:24:18+00:00\" \/>\n<meta property=\"og:image\" content=\"https:\/\/enchanta.ee\/wp-content\/uploads\/2025\/11\/Must-muskus.jpg\" \/>\n\t<meta property=\"og:image:width\" content=\"2400\" \/>\n\t<meta property=\"og:image:height\" content=\"2400\" \/>\n\t<meta property=\"og:image:type\" content=\"image\/jpeg\" \/>\n<meta name=\"twitter:card\" content=\"summary_large_image\" \/>\n<meta name=\"twitter:label1\" content=\"Est. reading time\" \/>\n\t<meta name=\"twitter:data1\" content=\"2 minutes\" \/>\n<script type=\"application\/ld+json\" class=\"yoast-schema-graph\">{\"@context\":\"https:\\\/\\\/schema.org\",\"@graph\":[{\"@type\":\"WebPage\",\"@id\":\"https:\\\/\\\/enchanta.ee\\\/toode\\\/must-muskus\\\/\",\"url\":\"https:\\\/\\\/enchanta.ee\\\/toode\\\/must-muskus\\\/\",\"name\":\"Must Muskus (4 ml) | Maagiline parf\u00fc\u00fcm - Enchanta\",\"isPartOf\":{\"@id\":\"https:\\\/\\\/enchanta.ee\\\/#website\"},\"primaryImageOfPage\":{\"@id\":\"https:\\\/\\\/enchanta.ee\\\/toode\\\/must-muskus\\\/#primaryimage\"},\"image\":{\"@id\":\"https:\\\/\\\/enchanta.ee\\\/toode\\\/must-muskus\\\/#primaryimage\"},\"thumbnailUrl\":\"https:\\\/\\\/enchanta.ee\\\/wp-content\\\/uploads\\\/2025\\\/11\\\/Must-muskus.jpg\",\"datePublished\":\"2025-11-16T13:51:11+00:00\",\"dateModified\":\"2025-11-16T14:24:18+00:00\",\"breadcrumb\":{\"@id\":\"https:\\\/\\\/enchanta.ee\\\/toode\\\/must-muskus\\\/#breadcrumb\"},\"inLanguage\":\"en-US\",\"potentialAction\":[{\"@type\":\"ReadAction\",\"target\":[\"https:\\\/\\\/enchanta.ee\\\/toode\\\/must-muskus\\\/\"]}]},{\"@type\":\"ImageObject\",\"inLanguage\":\"en-US\",\"@id\":\"https:\\\/\\\/enchanta.ee\\\/toode\\\/must-muskus\\\/#primaryimage\",\"url\":\"https:\\\/\\\/enchanta.ee\\\/wp-content\\\/uploads\\\/2025\\\/11\\\/Must-muskus.jpg\",\"contentUrl\":\"https:\\\/\\\/enchanta.ee\\\/wp-content\\\/uploads\\\/2025\\\/11\\\/Must-muskus.jpg\",\"width\":2400,\"height\":2400},{\"@type\":\"BreadcrumbList\",\"@id\":\"https:\\\/\\\/enchanta.ee\\\/toode\\\/must-muskus\\\/#breadcrumb\",\"itemListElement\":[{\"@type\":\"ListItem\",\"position\":1,\"name\":\"Home\",\"item\":\"https:\\\/\\\/enchanta.ee\\\/\"},{\"@type\":\"ListItem\",\"position\":2,\"name\":\"Pood\",\"item\":\"https:\\\/\\\/enchanta.ee\\\/shop\\\/\"},{\"@type\":\"ListItem\",\"position\":3,\"name\":\"Must Muskus (4 ml) | Maagiline parf\u00fc\u00fcm\"}]},{\"@type\":\"WebSite\",\"@id\":\"https:\\\/\\\/enchanta.ee\\\/#website\",\"url\":\"https:\\\/\\\/enchanta.ee\\\/\",\"name\":\"Enchanta\",\"description\":\"Kodune maagia\",\"publisher\":{\"@id\":\"https:\\\/\\\/enchanta.ee\\\/#organization\"},\"potentialAction\":[{\"@type\":\"SearchAction\",\"target\":{\"@type\":\"EntryPoint\",\"urlTemplate\":\"https:\\\/\\\/enchanta.ee\\\/?s={search_term_string}\"},\"query-input\":{\"@type\":\"PropertyValueSpecification\",\"valueRequired\":true,\"valueName\":\"search_term_string\"}}],\"inLanguage\":\"en-US\"},{\"@type\":\"Organization\",\"@id\":\"https:\\\/\\\/enchanta.ee\\\/#organization\",\"name\":\"Enchanta\",\"url\":\"https:\\\/\\\/enchanta.ee\\\/\",\"logo\":{\"@type\":\"ImageObject\",\"inLanguage\":\"en-US\",\"@id\":\"https:\\\/\\\/enchanta.ee\\\/#\\\/schema\\\/logo\\\/image\\\/\",\"url\":\"https:\\\/\\\/enchanta.ee\\\/wp-content\\\/uploads\\\/2023\\\/11\\\/Enchanta.png\",\"contentUrl\":\"https:\\\/\\\/enchanta.ee\\\/wp-content\\\/uploads\\\/2023\\\/11\\\/Enchanta.png\",\"width\":231,\"height\":149,\"caption\":\"Enchanta\"},\"image\":{\"@id\":\"https:\\\/\\\/enchanta.ee\\\/#\\\/schema\\\/logo\\\/image\\\/\"}}]}<\/script>\n<!-- \/ Yoast SEO plugin. -->","yoast_head_json":{"title":"Must Muskus (4 ml) | Maagiline parf\u00fc\u00fcm - Enchanta","robots":{"index":"index","follow":"follow","max-snippet":"max-snippet:-1","max-image-preview":"max-image-preview:large","max-video-preview":"max-video-preview:-1"},"canonical":"https:\/\/enchanta.ee\/en\/product\/must-muskus\/","og_locale":"en_US","og_type":"article","og_title":"Must Muskus (4 ml) | Maagiline parf\u00fc\u00fcm - Enchanta","og_description":"S\u00fcgavus, mis ei paljasta end kellelegi juhuslikult. Must Muskus on l\u00f5hn, mis avaneb vaid neile, kes julgevad vaadata enda sisse ja puudutada j\u00f5udu, mis seal vaikuses oodanud on. Must muskus \u00e4ratab sinus \u00fcrgse kohalolu, millel on omaenda r\u00fctm ja autoriteet. See parf\u00fc\u00fcm on kui iidne looma\u00advaim, kes valvab sinu sisemaailma v\u00e4ravaid. Ta ei paku pehmust ega lohutust, vaid kutsub sind vabaks laskma need maskid, mis sind enam ei teeni. Must Muskus s\u00fc\u00fctab sinus kontrollitud, sihikindla leegina j\u00f5u, mis ei vaja t\u00f5estamist \u2013 ta lihtsalt on. See l\u00f5hn kannab sind alateadvuse s\u00fcgavustesse, kuhu ligip\u00e4\u00e4su saavad vaid need, kes otsivad t\u00f5de, mitte illusioone. \u00dcrgne elegants, vaikne j\u00f5ud, magnetiline kohalolu. Must muskus pole lihtsalt parf\u00fc\u00fcm. See on rituaal, mis avab ukse sinu k\u00f5ige puhtamale j\u00f5uallikale.","og_url":"https:\/\/enchanta.ee\/en\/product\/must-muskus\/","og_site_name":"Enchanta","article_modified_time":"2025-11-16T14:24:18+00:00","og_image":[{"width":2400,"height":2400,"url":"https:\/\/enchanta.ee\/wp-content\/uploads\/2025\/11\/Must-muskus.jpg","type":"image\/jpeg"}],"twitter_card":"summary_large_image","twitter_misc":{"Est. reading time":"2 minutes"},"schema":{"@context":"https:\/\/schema.org","@graph":[{"@type":"WebPage","@id":"https:\/\/enchanta.ee\/toode\/must-muskus\/","url":"https:\/\/enchanta.ee\/toode\/must-muskus\/","name":"Must Muskus (4 ml) | Maagiline parf\u00fc\u00fcm - Enchanta","isPartOf":{"@id":"https:\/\/enchanta.ee\/#website"},"primaryImageOfPage":{"@id":"https:\/\/enchanta.ee\/toode\/must-muskus\/#primaryimage"},"image":{"@id":"https:\/\/enchanta.ee\/toode\/must-muskus\/#primaryimage"},"thumbnailUrl":"https:\/\/enchanta.ee\/wp-content\/uploads\/2025\/11\/Must-muskus.jpg","datePublished":"2025-11-16T13:51:11+00:00","dateModified":"2025-11-16T14:24:18+00:00","breadcrumb":{"@id":"https:\/\/enchanta.ee\/toode\/must-muskus\/#breadcrumb"},"inLanguage":"en-US","potentialAction":[{"@type":"ReadAction","target":["https:\/\/enchanta.ee\/toode\/must-muskus\/"]}]},{"@type":"ImageObject","inLanguage":"en-US","@id":"https:\/\/enchanta.ee\/toode\/must-muskus\/#primaryimage","url":"https:\/\/enchanta.ee\/wp-content\/uploads\/2025\/11\/Must-muskus.jpg","contentUrl":"https:\/\/enchanta.ee\/wp-content\/uploads\/2025\/11\/Must-muskus.jpg","width":2400,"height":2400},{"@type":"BreadcrumbList","@id":"https:\/\/enchanta.ee\/toode\/must-muskus\/#breadcrumb","itemListElement":[{"@type":"ListItem","position":1,"name":"Home","item":"https:\/\/enchanta.ee\/"},{"@type":"ListItem","position":2,"name":"Pood","item":"https:\/\/enchanta.ee\/shop\/"},{"@type":"ListItem","position":3,"name":"Must Muskus (4 ml) | Maagiline parf\u00fc\u00fcm"}]},{"@type":"WebSite","@id":"https:\/\/enchanta.ee\/#website","url":"https:\/\/enchanta.ee\/","name":"magic of","description":"Kodune maagia","publisher":{"@id":"https:\/\/enchanta.ee\/#organization"},"potentialAction":[{"@type":"SearchAction","target":{"@type":"EntryPoint","urlTemplate":"https:\/\/enchanta.ee\/?s={search_term_string}"},"query-input":{"@type":"PropertyValueSpecification","valueRequired":true,"valueName":"search_term_string"}}],"inLanguage":"en-US"},{"@type":"Organization","@id":"https:\/\/enchanta.ee\/#organization","name":"magic of","url":"https:\/\/enchanta.ee\/","logo":{"@type":"ImageObject","inLanguage":"en-US","@id":"https:\/\/enchanta.ee\/#\/schema\/logo\/image\/","url":"https:\/\/enchanta.ee\/wp-content\/uploads\/2023\/11\/Enchanta.png","contentUrl":"https:\/\/enchanta.ee\/wp-content\/uploads\/2023\/11\/Enchanta.png","width":231,"height":149,"caption":"Enchanta"},"image":{"@id":"https:\/\/enchanta.ee\/#\/schema\/logo\/image\/"}}]}},"_links":{"self":[{"href":"https:\/\/enchanta.ee\/en\/wp-json\/wp\/v2\/product\/3446","targetHints":{"allow":["GET"]}}],"collection":[{"href":"https:\/\/enchanta.ee\/en\/wp-json\/wp\/v2\/product"}],"about":[{"href":"https:\/\/enchanta.ee\/en\/wp-json\/wp\/v2\/types\/product"}],"wp:featuredmedia":[{"embeddable":true,"href":"https:\/\/enchanta.ee\/en\/wp-json\/wp\/v2\/media\/3447"}],"wp:attachment":[{"href":"https:\/\/enchanta.ee\/en\/wp-json\/wp\/v2\/media?parent=3446"}],"wp:term":[{"taxonomy":"product_brand","embeddable":true,"href":"https:\/\/enchanta.ee\/en\/wp-json\/wp\/v2\/product_brand?post=3446"},{"taxonomy":"product_cat","embeddable":true,"href":"https:\/\/enchanta.ee\/en\/wp-json\/wp\/v2\/product_cat?post=3446"},{"taxonomy":"product_tag","embeddable":true,"href":"https:\/\/enchanta.ee\/en\/wp-json\/wp\/v2\/product_tag?post=3446"}],"curies":[{"name":"wp","href":"https:\/\/api.w.org\/{rel}","templated":true}]}}