{"id":3381,"date":"2024-08-19T15:14:42","date_gmt":"2024-08-19T15:14:42","guid":{"rendered":"https:\/\/enchanta.ee\/?post_type=product&#038;p=3381"},"modified":"2025-08-08T20:30:25","modified_gmt":"2025-08-08T20:30:25","slug":"oo-kuninganna-4-ml-maagiline-parfuum","status":"publish","type":"product","link":"https:\/\/enchanta.ee\/en\/product\/oo-kuninganna-4-ml-maagiline-parfuum\/","title":{"rendered":"\u00d6\u00f6 Kuninganna (4 ml) | Maagiline parf\u00fc\u00fcm"},"content":{"rendered":"<div id=\"fws_69de2cae6df10\"  data-column-margin=\"default\" data-midnight=\"dark\" data-top-percent=\"3%\" data-bottom-percent=\"6%\"  class=\"wpb_row vc_row-fluid vc_row full-width-content vc_row-o-equal-height vc_row-flex vc_row-o-content-middle  right_padding_6pct left_padding_6pct reverse_columns_column_tablet reverse_columns_column_phone right_padding_tablet_8pct left_padding_tablet_8pct\"  style=\"padding-top: calc(100vw * 0.03); padding-bottom: calc(100vw * 0.06); \"><div class=\"row-bg-wrap\" data-bg-animation=\"none\" data-bg-animation-delay=\"\" data-bg-overlay=\"false\"><div class=\"inner-wrap row-bg-layer\" ><div class=\"row-bg viewport-desktop\"  style=\"\"><\/div><\/div><\/div><div class=\"row_col_wrap_12 col span_12 dark left\">\n\t<div  class=\"vc_col-sm-6 wpb_column column_container vc_column_container col padding-3-percent no-extra-padding_tablet no-extra-padding_phone\"  data-padding-pos=\"all\" data-has-bg-color=\"false\" data-bg-color=\"\" data-bg-opacity=\"1\" data-animation=\"\" data-delay=\"0\" >\n\t\t<div class=\"vc_column-inner\" >\n\t\t\t<div class=\"wpb_wrapper\">\n\t\t\t\t<div class=\"nectar-split-heading\" data-align=\"default\" data-m-align=\"inherit\" data-text-effect=\"default\" data-animation-type=\"line-reveal-by-space\" data-animation-delay=\"0\" data-animation-offset=\"\" data-m-rm-animation=\"\" data-stagger=\"\" data-custom-font-size=\"true\" style=\"font-size: 3vw; line-height: 3.3vw;\"><h2 style=\" color: #c0c0c0;\">Maagiline toime<\/h2><\/div><div class=\"nectar-fancy-ul\" data-list-icon=\"icon-salient-thin-line\" data-animation=\"false\" data-animation-delay=\"0\" data-color=\"accent-color\" data-spacing=\"default\" data-alignment=\"left\"> \u00d6\u00f6 Kuninganna parf\u00fc\u00fcmi maagilised omadused:<\/p>\n<ul>\n<li class=\"cvGsUA direction-ltr align-start para-style-body\">Vaimne sisekaemus<\/li>\n<li class=\"cvGsUA direction-ltr align-start para-style-body\"><span class=\"OYPEnA text-decoration-none text-strikethrough-none\">Intuitsiooni tugevnemine<\/span><\/li>\n<li>Varjatu ilmsiks tulek<\/li>\n<li><span class=\"OYPEnA text-decoration-none text-strikethrough-none\">Energia tasakaalustamine<\/span><\/li>\n<li><span class=\"OYPEnA text-decoration-none text-strikethrough-none\">Kaitse ja transformatsioon<\/span><\/li>\n<li><span class=\"OYPEnA text-decoration-none text-strikethrough-none\">Beauty and charm<\/span><\/li>\n<li>L\u00f5dvestumine<\/li>\n<\/ul>\n<p>Parf\u00fc\u00fcmi p\u00f5hinootideks: Kudoonia, s\u00e4rav mandariin, Itaalia bergamot, sinise laguuni akord, kadakamarjad, koriander, tee, muskush, sinine merevaik.<\/p>\n<p>Premium Grade A Quality <\/div>\n\t\t\t<\/div> \n\t\t<\/div>\n\t<\/div> \n\n\t<div  class=\"vc_col-sm-6 wpb_column column_container vc_column_container col no-extra-padding el_spacing_0px inherit_tablet inherit_phone\"  data-padding-pos=\"all\" data-has-bg-color=\"false\" data-bg-color=\"\" data-bg-opacity=\"1\" data-animation=\"\" data-delay=\"0\" >\n\t\t<div class=\"vc_column-inner\" >\n\t\t\t<div class=\"wpb_wrapper\">\n\t\t\t\t<div id=\"fws_69de2cae6e619\" data-midnight=\"\" data-column-margin=\"default\" class=\"wpb_row vc_row-fluid vc_row inner_row  left_padding_tablet_10pct\"  style=\"\"><div class=\"row-bg-wrap\"> <div class=\"row-bg\" ><\/div> <\/div><div class=\"row_col_wrap_12_inner col span_12  left\">\n\t<div style=\"\" class=\"vc_col-sm-12 wpb_column column_container vc_column_container col child_column no-extra-padding inherit_tablet inherit_phone\"  data-using-bg=\"true\" data-bg-cover=\"true\" data-padding-pos=\"all\" data-has-bg-color=\"false\" data-bg-color=\"\" data-bg-opacity=\"1\" data-animation=\"\" data-delay=\"0\" >\n\t\t<div class=\"vc_column-inner\" ><div class=\"column-image-bg-wrap column-bg-layer viewport-desktop\" data-bg-pos=\"center center\" data-bg-animation=\"none\" data-bg-overlay=\"false\"><div class=\"inner-wrap\"><div class=\"column-image-bg\" style=\" background-image: url('https:\/\/enchanta.ee\/wp-content\/uploads\/2024\/08\/Photoroom_20240819_132253.jpg'); \"><\/div><\/div><\/div>\n\t\t<div class=\"wpb_wrapper\">\n\t\t\t<div class=\"divider-wrap height_tablet_70vh height_phone_60vh\" data-alignment=\"default\"><div style=\"height: 70vh;\" class=\"divider\"><\/div><\/div>\n\t\t<\/div> \n\t<\/div>\n\t<\/div> \n<\/div><\/div>\n\t\t\t<\/div> \n\t\t<\/div>\n\t<\/div> \n<\/div><\/div>\n\t\t<div id=\"fws_69de2cae6ec75\"  data-column-margin=\"default\" data-midnight=\"dark\"  class=\"wpb_row vc_row-fluid vc_row\"  style=\"padding-top: 0px; padding-bottom: 0px; \"><div class=\"row-bg-wrap\" data-bg-animation=\"none\" data-bg-animation-delay=\"\" data-bg-overlay=\"false\"><div class=\"inner-wrap row-bg-layer\" ><div class=\"row-bg viewport-desktop\"  style=\"\"><\/div><\/div><\/div><div class=\"row_col_wrap_12 col span_12 dark left\">\n\t<div  class=\"vc_col-sm-12 wpb_column column_container vc_column_container col no-extra-padding inherit_tablet inherit_phone\"  data-padding-pos=\"all\" data-has-bg-color=\"false\" data-bg-color=\"\" data-bg-opacity=\"1\" data-animation=\"\" data-delay=\"0\" >\n\t\t<div class=\"vc_column-inner\" >\n\t\t\t<div class=\"wpb_wrapper\">\n\t\t\t\t\n<div class=\"wpb_text_column wpb_content_element\" >\n\t<div class=\"wpb_wrapper\">\n\t\t<p style=\"text-align: center;\">Apply a small amount of perfume to the third eye, wrists and neck. Very little oil is used and it lasts a long time. Its effect can be felt in your aura and energy for several days even after washing.<\/p>\n\t<\/div>\n<\/div>\n\n\n\n\n\t\t\t<\/div> \n\t\t<\/div>\n\t<\/div> \n<\/div><\/div>","protected":false},"excerpt":{"rendered":"<div class=\"flex-shrink-0 flex flex-col relative items-end\">\n<div>\n<div class=\"pt-0\">\n<div class=\"gizmo-bot-avatar flex h-8 w-8 items-center justify-center overflow-hidden rounded-full\">\n<div class=\"relative p-1 rounded-sm flex items-center justify-center bg-token-main-surface-primary text-token-text-primary h-8 w-8\"><strong>\u00d6\u00f6 Kuninganna<\/strong> kehastab salap\u00e4ra, sensuaalsust ja unen\u00e4olist v\u00f5lu, tuues esile \u00f6ise maailma lummuse. See aroom viib teid r\u00e4nnakule l\u00e4bi m\u00fcstilise \u00f6\u00f6, kus valitsevad turvalised varjud ja pehme kuuvalgus. Nagu legendaarne \u00d6\u00f6 Kuninganna \u00f5is, mis \u00f5itseb vaid \u00f6\u00f6pimeduses, on see parf\u00fc\u00fcm haruldane ja unustamatu, kattes teid m\u00fcstilise ja meelte\u00fclendava looriga.<\/div>\n<\/div>\n<\/div>\n<\/div>\n<\/div>\n<p><strong>\u00d6\u00f6 Kuninganna<\/strong> on parf\u00fc\u00fcm, mis sobib enesekindlatele ja salap\u00e4rastele hingedele, kes naudivad \u00f5htust elegantsi ja \u00f6ist v\u00f5lu. See l\u00f5hn on intensiivne, ent samas rafineeritud, pakkudes suurep\u00e4rase tasakaalu tumedate ja heledate toonide vahel.<\/p>","protected":false},"featured_media":3378,"template":"","meta":[],"product_brand":[],"product_cat":[19,20,21,31,24,22,23],"product_tag":[],"class_list":{"0":"post-3381","1":"product","2":"type-product","3":"status-publish","4":"has-post-thumbnail","6":"product_cat-armastus-suhted","7":"product_cat-kaitse","8":"product_cat-kullus","9":"product_cat-maagilised-parfuumid","10":"product_cat-rahu-tasakaal","11":"product_cat-tervis","12":"product_cat-vaimsed-voimed","14":"first","15":"instock","16":"sale","17":"shipping-taxable","18":"purchasable","19":"product-type-simple"},"yoast_head":"<!-- This site is optimized with the Yoast SEO plugin v27.3 - https:\/\/yoast.com\/product\/yoast-seo-wordpress\/ -->\n<title>\u00d6\u00f6 Kuninganna (4 ml) | Maagiline parf\u00fc\u00fcm - Enchanta<\/title>\n<meta name=\"robots\" content=\"index, follow, max-snippet:-1, max-image-preview:large, max-video-preview:-1\" \/>\n<link rel=\"canonical\" href=\"https:\/\/enchanta.ee\/en\/product\/oo-kuninganna-4-ml-maagiline-parfuum\/\" \/>\n<meta property=\"og:locale\" content=\"en_US\" \/>\n<meta property=\"og:type\" content=\"article\" \/>\n<meta property=\"og:title\" content=\"\u00d6\u00f6 Kuninganna (4 ml) | Maagiline parf\u00fc\u00fcm - Enchanta\" \/>\n<meta property=\"og:description\" content=\"\u00d6\u00f6 Kuninganna kehastab salap\u00e4ra, sensuaalsust ja unen\u00e4olist v\u00f5lu, tuues esile \u00f6ise maailma lummuse. See aroom viib teid r\u00e4nnakule l\u00e4bi m\u00fcstilise \u00f6\u00f6, kus valitsevad turvalised varjud ja pehme kuuvalgus. Nagu legendaarne \u00d6\u00f6 Kuninganna \u00f5is, mis \u00f5itseb vaid \u00f6\u00f6pimeduses, on see parf\u00fc\u00fcm haruldane ja unustamatu, kattes teid m\u00fcstilise ja meelte\u00fclendava looriga.     \u00d6\u00f6 Kuninganna on parf\u00fc\u00fcm, mis sobib enesekindlatele ja salap\u00e4rastele hingedele, kes naudivad \u00f5htust elegantsi ja \u00f6ist v\u00f5lu. See l\u00f5hn on intensiivne, ent samas rafineeritud, pakkudes suurep\u00e4rase tasakaalu tumedate ja heledate toonide vahel.\" \/>\n<meta property=\"og:url\" content=\"https:\/\/enchanta.ee\/en\/product\/oo-kuninganna-4-ml-maagiline-parfuum\/\" \/>\n<meta property=\"og:site_name\" content=\"Enchanta\" \/>\n<meta property=\"article:modified_time\" content=\"2025-08-08T20:30:25+00:00\" \/>\n<meta property=\"og:image\" content=\"https:\/\/enchanta.ee\/wp-content\/uploads\/2024\/08\/Photoroom_20240819_132253.jpg\" \/>\n\t<meta property=\"og:image:width\" content=\"2400\" \/>\n\t<meta property=\"og:image:height\" content=\"2400\" \/>\n\t<meta property=\"og:image:type\" content=\"image\/jpeg\" \/>\n<meta name=\"twitter:card\" content=\"summary_large_image\" \/>\n<meta name=\"twitter:label1\" content=\"Est. reading time\" \/>\n\t<meta name=\"twitter:data1\" content=\"2 minutes\" \/>\n<script type=\"application\/ld+json\" class=\"yoast-schema-graph\">{\"@context\":\"https:\\\/\\\/schema.org\",\"@graph\":[{\"@type\":\"WebPage\",\"@id\":\"https:\\\/\\\/enchanta.ee\\\/toode\\\/oo-kuninganna-4-ml-maagiline-parfuum\\\/\",\"url\":\"https:\\\/\\\/enchanta.ee\\\/toode\\\/oo-kuninganna-4-ml-maagiline-parfuum\\\/\",\"name\":\"\u00d6\u00f6 Kuninganna (4 ml) | Maagiline parf\u00fc\u00fcm - Enchanta\",\"isPartOf\":{\"@id\":\"https:\\\/\\\/enchanta.ee\\\/#website\"},\"primaryImageOfPage\":{\"@id\":\"https:\\\/\\\/enchanta.ee\\\/toode\\\/oo-kuninganna-4-ml-maagiline-parfuum\\\/#primaryimage\"},\"image\":{\"@id\":\"https:\\\/\\\/enchanta.ee\\\/toode\\\/oo-kuninganna-4-ml-maagiline-parfuum\\\/#primaryimage\"},\"thumbnailUrl\":\"https:\\\/\\\/enchanta.ee\\\/wp-content\\\/uploads\\\/2024\\\/08\\\/Photoroom_20240819_132253.jpg\",\"datePublished\":\"2024-08-19T15:14:42+00:00\",\"dateModified\":\"2025-08-08T20:30:25+00:00\",\"breadcrumb\":{\"@id\":\"https:\\\/\\\/enchanta.ee\\\/toode\\\/oo-kuninganna-4-ml-maagiline-parfuum\\\/#breadcrumb\"},\"inLanguage\":\"en-US\",\"potentialAction\":[{\"@type\":\"ReadAction\",\"target\":[\"https:\\\/\\\/enchanta.ee\\\/toode\\\/oo-kuninganna-4-ml-maagiline-parfuum\\\/\"]}]},{\"@type\":\"ImageObject\",\"inLanguage\":\"en-US\",\"@id\":\"https:\\\/\\\/enchanta.ee\\\/toode\\\/oo-kuninganna-4-ml-maagiline-parfuum\\\/#primaryimage\",\"url\":\"https:\\\/\\\/enchanta.ee\\\/wp-content\\\/uploads\\\/2024\\\/08\\\/Photoroom_20240819_132253.jpg\",\"contentUrl\":\"https:\\\/\\\/enchanta.ee\\\/wp-content\\\/uploads\\\/2024\\\/08\\\/Photoroom_20240819_132253.jpg\",\"width\":2400,\"height\":2400},{\"@type\":\"BreadcrumbList\",\"@id\":\"https:\\\/\\\/enchanta.ee\\\/toode\\\/oo-kuninganna-4-ml-maagiline-parfuum\\\/#breadcrumb\",\"itemListElement\":[{\"@type\":\"ListItem\",\"position\":1,\"name\":\"Home\",\"item\":\"https:\\\/\\\/enchanta.ee\\\/\"},{\"@type\":\"ListItem\",\"position\":2,\"name\":\"Pood\",\"item\":\"https:\\\/\\\/enchanta.ee\\\/shop\\\/\"},{\"@type\":\"ListItem\",\"position\":3,\"name\":\"\u00d6\u00f6 Kuninganna (4 ml) | Maagiline parf\u00fc\u00fcm\"}]},{\"@type\":\"WebSite\",\"@id\":\"https:\\\/\\\/enchanta.ee\\\/#website\",\"url\":\"https:\\\/\\\/enchanta.ee\\\/\",\"name\":\"Enchanta\",\"description\":\"Kodune maagia\",\"publisher\":{\"@id\":\"https:\\\/\\\/enchanta.ee\\\/#organization\"},\"potentialAction\":[{\"@type\":\"SearchAction\",\"target\":{\"@type\":\"EntryPoint\",\"urlTemplate\":\"https:\\\/\\\/enchanta.ee\\\/?s={search_term_string}\"},\"query-input\":{\"@type\":\"PropertyValueSpecification\",\"valueRequired\":true,\"valueName\":\"search_term_string\"}}],\"inLanguage\":\"en-US\"},{\"@type\":\"Organization\",\"@id\":\"https:\\\/\\\/enchanta.ee\\\/#organization\",\"name\":\"Enchanta\",\"url\":\"https:\\\/\\\/enchanta.ee\\\/\",\"logo\":{\"@type\":\"ImageObject\",\"inLanguage\":\"en-US\",\"@id\":\"https:\\\/\\\/enchanta.ee\\\/#\\\/schema\\\/logo\\\/image\\\/\",\"url\":\"https:\\\/\\\/enchanta.ee\\\/wp-content\\\/uploads\\\/2023\\\/11\\\/Enchanta.png\",\"contentUrl\":\"https:\\\/\\\/enchanta.ee\\\/wp-content\\\/uploads\\\/2023\\\/11\\\/Enchanta.png\",\"width\":231,\"height\":149,\"caption\":\"Enchanta\"},\"image\":{\"@id\":\"https:\\\/\\\/enchanta.ee\\\/#\\\/schema\\\/logo\\\/image\\\/\"}}]}<\/script>\n<!-- \/ Yoast SEO plugin. -->","yoast_head_json":{"title":"\u00d6\u00f6 Kuninganna (4 ml) | Maagiline parf\u00fc\u00fcm - Enchanta","robots":{"index":"index","follow":"follow","max-snippet":"max-snippet:-1","max-image-preview":"max-image-preview:large","max-video-preview":"max-video-preview:-1"},"canonical":"https:\/\/enchanta.ee\/en\/product\/oo-kuninganna-4-ml-maagiline-parfuum\/","og_locale":"en_US","og_type":"article","og_title":"\u00d6\u00f6 Kuninganna (4 ml) | Maagiline parf\u00fc\u00fcm - Enchanta","og_description":"\u00d6\u00f6 Kuninganna kehastab salap\u00e4ra, sensuaalsust ja unen\u00e4olist v\u00f5lu, tuues esile \u00f6ise maailma lummuse. See aroom viib teid r\u00e4nnakule l\u00e4bi m\u00fcstilise \u00f6\u00f6, kus valitsevad turvalised varjud ja pehme kuuvalgus. Nagu legendaarne \u00d6\u00f6 Kuninganna \u00f5is, mis \u00f5itseb vaid \u00f6\u00f6pimeduses, on see parf\u00fc\u00fcm haruldane ja unustamatu, kattes teid m\u00fcstilise ja meelte\u00fclendava looriga.     \u00d6\u00f6 Kuninganna on parf\u00fc\u00fcm, mis sobib enesekindlatele ja salap\u00e4rastele hingedele, kes naudivad \u00f5htust elegantsi ja \u00f6ist v\u00f5lu. See l\u00f5hn on intensiivne, ent samas rafineeritud, pakkudes suurep\u00e4rase tasakaalu tumedate ja heledate toonide vahel.","og_url":"https:\/\/enchanta.ee\/en\/product\/oo-kuninganna-4-ml-maagiline-parfuum\/","og_site_name":"Enchanta","article_modified_time":"2025-08-08T20:30:25+00:00","og_image":[{"width":2400,"height":2400,"url":"https:\/\/enchanta.ee\/wp-content\/uploads\/2024\/08\/Photoroom_20240819_132253.jpg","type":"image\/jpeg"}],"twitter_card":"summary_large_image","twitter_misc":{"Est. reading time":"2 minutes"},"schema":{"@context":"https:\/\/schema.org","@graph":[{"@type":"WebPage","@id":"https:\/\/enchanta.ee\/toode\/oo-kuninganna-4-ml-maagiline-parfuum\/","url":"https:\/\/enchanta.ee\/toode\/oo-kuninganna-4-ml-maagiline-parfuum\/","name":"\u00d6\u00f6 Kuninganna (4 ml) | Maagiline parf\u00fc\u00fcm - Enchanta","isPartOf":{"@id":"https:\/\/enchanta.ee\/#website"},"primaryImageOfPage":{"@id":"https:\/\/enchanta.ee\/toode\/oo-kuninganna-4-ml-maagiline-parfuum\/#primaryimage"},"image":{"@id":"https:\/\/enchanta.ee\/toode\/oo-kuninganna-4-ml-maagiline-parfuum\/#primaryimage"},"thumbnailUrl":"https:\/\/enchanta.ee\/wp-content\/uploads\/2024\/08\/Photoroom_20240819_132253.jpg","datePublished":"2024-08-19T15:14:42+00:00","dateModified":"2025-08-08T20:30:25+00:00","breadcrumb":{"@id":"https:\/\/enchanta.ee\/toode\/oo-kuninganna-4-ml-maagiline-parfuum\/#breadcrumb"},"inLanguage":"en-US","potentialAction":[{"@type":"ReadAction","target":["https:\/\/enchanta.ee\/toode\/oo-kuninganna-4-ml-maagiline-parfuum\/"]}]},{"@type":"ImageObject","inLanguage":"en-US","@id":"https:\/\/enchanta.ee\/toode\/oo-kuninganna-4-ml-maagiline-parfuum\/#primaryimage","url":"https:\/\/enchanta.ee\/wp-content\/uploads\/2024\/08\/Photoroom_20240819_132253.jpg","contentUrl":"https:\/\/enchanta.ee\/wp-content\/uploads\/2024\/08\/Photoroom_20240819_132253.jpg","width":2400,"height":2400},{"@type":"BreadcrumbList","@id":"https:\/\/enchanta.ee\/toode\/oo-kuninganna-4-ml-maagiline-parfuum\/#breadcrumb","itemListElement":[{"@type":"ListItem","position":1,"name":"Home","item":"https:\/\/enchanta.ee\/"},{"@type":"ListItem","position":2,"name":"Pood","item":"https:\/\/enchanta.ee\/shop\/"},{"@type":"ListItem","position":3,"name":"\u00d6\u00f6 Kuninganna (4 ml) | Maagiline parf\u00fc\u00fcm"}]},{"@type":"WebSite","@id":"https:\/\/enchanta.ee\/#website","url":"https:\/\/enchanta.ee\/","name":"magic of","description":"Kodune maagia","publisher":{"@id":"https:\/\/enchanta.ee\/#organization"},"potentialAction":[{"@type":"SearchAction","target":{"@type":"EntryPoint","urlTemplate":"https:\/\/enchanta.ee\/?s={search_term_string}"},"query-input":{"@type":"PropertyValueSpecification","valueRequired":true,"valueName":"search_term_string"}}],"inLanguage":"en-US"},{"@type":"Organization","@id":"https:\/\/enchanta.ee\/#organization","name":"magic of","url":"https:\/\/enchanta.ee\/","logo":{"@type":"ImageObject","inLanguage":"en-US","@id":"https:\/\/enchanta.ee\/#\/schema\/logo\/image\/","url":"https:\/\/enchanta.ee\/wp-content\/uploads\/2023\/11\/Enchanta.png","contentUrl":"https:\/\/enchanta.ee\/wp-content\/uploads\/2023\/11\/Enchanta.png","width":231,"height":149,"caption":"Enchanta"},"image":{"@id":"https:\/\/enchanta.ee\/#\/schema\/logo\/image\/"}}]}},"_links":{"self":[{"href":"https:\/\/enchanta.ee\/en\/wp-json\/wp\/v2\/product\/3381","targetHints":{"allow":["GET"]}}],"collection":[{"href":"https:\/\/enchanta.ee\/en\/wp-json\/wp\/v2\/product"}],"about":[{"href":"https:\/\/enchanta.ee\/en\/wp-json\/wp\/v2\/types\/product"}],"wp:featuredmedia":[{"embeddable":true,"href":"https:\/\/enchanta.ee\/en\/wp-json\/wp\/v2\/media\/3378"}],"wp:attachment":[{"href":"https:\/\/enchanta.ee\/en\/wp-json\/wp\/v2\/media?parent=3381"}],"wp:term":[{"taxonomy":"product_brand","embeddable":true,"href":"https:\/\/enchanta.ee\/en\/wp-json\/wp\/v2\/product_brand?post=3381"},{"taxonomy":"product_cat","embeddable":true,"href":"https:\/\/enchanta.ee\/en\/wp-json\/wp\/v2\/product_cat?post=3381"},{"taxonomy":"product_tag","embeddable":true,"href":"https:\/\/enchanta.ee\/en\/wp-json\/wp\/v2\/product_tag?post=3381"}],"curies":[{"name":"wp","href":"https:\/\/api.w.org\/{rel}","templated":true}]}}