{"id":3366,"date":"2024-08-03T10:53:59","date_gmt":"2024-08-03T10:53:59","guid":{"rendered":"https:\/\/enchanta.ee\/?post_type=product&#038;p=3366"},"modified":"2025-10-02T06:53:15","modified_gmt":"2025-10-02T06:53:15","slug":"shining-moon-4-ml-maagiline-parfuum","status":"publish","type":"product","link":"https:\/\/enchanta.ee\/en\/product\/shining-moon-4-ml-maagiline-parfuum\/","title":{"rendered":"Shining Moon (4 ml) | Magical perfume"},"content":{"rendered":"<div id=\"fws_69de64b32f86a\"  data-column-margin=\"default\" data-midnight=\"dark\" data-top-percent=\"3%\" data-bottom-percent=\"6%\"  class=\"wpb_row vc_row-fluid vc_row full-width-content vc_row-o-equal-height vc_row-flex vc_row-o-content-middle  right_padding_6pct left_padding_6pct reverse_columns_column_tablet reverse_columns_column_phone right_padding_tablet_8pct left_padding_tablet_8pct\"  style=\"padding-top: calc(100vw * 0.03); padding-bottom: calc(100vw * 0.06); \"><div class=\"row-bg-wrap\" data-bg-animation=\"none\" data-bg-animation-delay=\"\" data-bg-overlay=\"false\"><div class=\"inner-wrap row-bg-layer\" ><div class=\"row-bg viewport-desktop\"  style=\"\"><\/div><\/div><\/div><div class=\"row_col_wrap_12 col span_12 dark left\">\n\t<div  class=\"vc_col-sm-6 wpb_column column_container vc_column_container col padding-3-percent no-extra-padding_tablet no-extra-padding_phone\"  data-padding-pos=\"all\" data-has-bg-color=\"false\" data-bg-color=\"\" data-bg-opacity=\"1\" data-animation=\"\" data-delay=\"0\" >\n\t\t<div class=\"vc_column-inner\" >\n\t\t\t<div class=\"wpb_wrapper\">\n\t\t\t\t<div class=\"nectar-split-heading\" data-align=\"default\" data-m-align=\"inherit\" data-text-effect=\"default\" data-animation-type=\"line-reveal-by-space\" data-animation-delay=\"0\" data-animation-offset=\"\" data-m-rm-animation=\"\" data-stagger=\"\" data-custom-font-size=\"true\" style=\"font-size: 3vw; line-height: 3.3vw;\"><h2 style=\" color: #c0c0c0;\">Maagiline toime<\/h2><\/div><div class=\"nectar-fancy-ul\" data-list-icon=\"icon-salient-thin-line\" data-animation=\"false\" data-animation-delay=\"0\" data-color=\"accent-color\" data-spacing=\"default\" data-alignment=\"left\"> Magical properties of Shining Moon perfume:<\/p>\n<ul>\n<li class=\"cvGsUA direction-ltr align-start para-style-body\">Conscious emotional management and the wisdom that arises from it<\/li>\n<li class=\"cvGsUA direction-ltr align-start para-style-body\"><span class=\"OYPEnA text-decoration-none text-strikethrough-none\">Pleasures<\/span><\/li>\n<li>Deep joy of life and gratitude<\/li>\n<li><span class=\"OYPEnA text-decoration-none text-strikethrough-none\">Magic enhancer<\/span><\/li>\n<li><span class=\"OYPEnA text-decoration-none text-strikethrough-none\">Wisdom of the Moon magic<\/span><\/li>\n<li><span class=\"OYPEnA text-decoration-none text-strikethrough-none\">The blessings and wisdom of the Triple Goddess<\/span><\/li>\n<li>Irresistibility<\/li>\n<li>Beauty and charm<\/li>\n<\/ul>\n<p>The Shining Moon perfume works powerfully for all zodiac signs, but especially for water and air signs.<\/p>\n<p>Base Notes: Blackcurrant, citrus, strawberry, red apple, freesia, jasmine, rose, sandalwood, musk, raspberry.<\/p>\n<p>Premium Grade A Quality <\/div>\n\t\t\t<\/div> \n\t\t<\/div>\n\t<\/div> \n\n\t<div  class=\"vc_col-sm-6 wpb_column column_container vc_column_container col no-extra-padding el_spacing_0px inherit_tablet inherit_phone\"  data-padding-pos=\"all\" data-has-bg-color=\"false\" data-bg-color=\"\" data-bg-opacity=\"1\" data-animation=\"\" data-delay=\"0\" >\n\t\t<div class=\"vc_column-inner\" >\n\t\t\t<div class=\"wpb_wrapper\">\n\t\t\t\t<div id=\"fws_69de64b32ff20\" data-midnight=\"\" data-column-margin=\"default\" class=\"wpb_row vc_row-fluid vc_row inner_row  left_padding_tablet_10pct\"  style=\"\"><div class=\"row-bg-wrap\"> <div class=\"row-bg\" ><\/div> <\/div><div class=\"row_col_wrap_12_inner col span_12  left\">\n\t<div style=\"\" class=\"vc_col-sm-12 wpb_column column_container vc_column_container col child_column no-extra-padding inherit_tablet inherit_phone\"  data-using-bg=\"true\" data-bg-cover=\"true\" data-padding-pos=\"all\" data-has-bg-color=\"false\" data-bg-color=\"\" data-bg-opacity=\"1\" data-animation=\"\" data-delay=\"0\" >\n\t\t<div class=\"vc_column-inner\" ><div class=\"column-image-bg-wrap column-bg-layer viewport-desktop\" data-bg-pos=\"center center\" data-bg-animation=\"none\" data-bg-overlay=\"false\"><div class=\"inner-wrap\"><div class=\"column-image-bg\" style=\" background-image: url('https:\/\/enchanta.ee\/wp-content\/uploads\/2024\/08\/Photoroom_20240803_114903.jpg'); \"><\/div><\/div><\/div>\n\t\t<div class=\"wpb_wrapper\">\n\t\t\t<div class=\"divider-wrap height_tablet_70vh height_phone_60vh\" data-alignment=\"default\"><div style=\"height: 70vh;\" class=\"divider\"><\/div><\/div>\n\t\t<\/div> \n\t<\/div>\n\t<\/div> \n<\/div><\/div>\n\t\t\t<\/div> \n\t\t<\/div>\n\t<\/div> \n<\/div><\/div>\n\t\t<div id=\"fws_69de64b3305c9\"  data-column-margin=\"default\" data-midnight=\"dark\"  class=\"wpb_row vc_row-fluid vc_row\"  style=\"padding-top: 0px; padding-bottom: 0px; \"><div class=\"row-bg-wrap\" data-bg-animation=\"none\" data-bg-animation-delay=\"\" data-bg-overlay=\"false\"><div class=\"inner-wrap row-bg-layer\" ><div class=\"row-bg viewport-desktop\"  style=\"\"><\/div><\/div><\/div><div class=\"row_col_wrap_12 col span_12 dark left\">\n\t<div  class=\"vc_col-sm-12 wpb_column column_container vc_column_container col no-extra-padding inherit_tablet inherit_phone\"  data-padding-pos=\"all\" data-has-bg-color=\"false\" data-bg-color=\"\" data-bg-opacity=\"1\" data-animation=\"\" data-delay=\"0\" >\n\t\t<div class=\"vc_column-inner\" >\n\t\t\t<div class=\"wpb_wrapper\">\n\t\t\t\t\n<div class=\"wpb_text_column wpb_content_element\" >\n\t<div class=\"wpb_wrapper\">\n\t\t<p style=\"text-align: center;\">Apply a small amount of perfume to the third eye, wrists and neck. Very little oil is used and it lasts a long time. Its effect can be felt in your aura and energy for several days even after washing.<\/p>\n\t<\/div>\n<\/div>\n\n\n\n\n\t\t\t<\/div> \n\t\t<\/div>\n\t<\/div> \n<\/div><\/div>","protected":false},"excerpt":{"rendered":"<p>Are you looking for a way to enchant someone special or simply want to be irresistibly beautiful yourself? This captivating perfume is definitely for you. Shining Moon connects you with the mystery and magical wisdom of the Moon and night sky.<\/p>","protected":false},"featured_media":3363,"template":"","meta":[],"product_brand":[],"product_cat":[19,20,21,31,24,23],"product_tag":[],"class_list":{"0":"post-3366","1":"product","2":"type-product","3":"status-publish","4":"has-post-thumbnail","6":"product_cat-armastus-suhted","7":"product_cat-kaitse","8":"product_cat-kullus","9":"product_cat-maagilised-parfuumid","10":"product_cat-rahu-tasakaal","11":"product_cat-vaimsed-voimed","13":"first","14":"instock","15":"sale","16":"shipping-taxable","17":"purchasable","18":"product-type-simple"},"yoast_head":"<!-- This site is optimized with the Yoast SEO plugin v27.3 - https:\/\/yoast.com\/product\/yoast-seo-wordpress\/ -->\n<title>Shining Moon (4 ml) | Maagiline parf\u00fc\u00fcm - Enchanta<\/title>\n<meta name=\"robots\" content=\"index, follow, max-snippet:-1, max-image-preview:large, max-video-preview:-1\" \/>\n<link rel=\"canonical\" href=\"https:\/\/enchanta.ee\/en\/product\/shining-moon-4-ml-maagiline-parfuum\/\" \/>\n<meta property=\"og:locale\" content=\"en_US\" \/>\n<meta property=\"og:type\" content=\"article\" \/>\n<meta property=\"og:title\" content=\"Shining Moon (4 ml) | Maagiline parf\u00fc\u00fcm - Enchanta\" \/>\n<meta property=\"og:description\" content=\"Kas otsid viisi, kuidas kedagi erilist v\u00f5luda v\u00f5i soovid lihtsalt ise vastupandamatult kaunis olla \u2013 see lummav parf\u00fc\u00fcm on kindlasti sinu jaoks. Shining moon \u00fchendab sind Kuu ja \u00f6\u00f6taeva salap\u00e4ra ja maagiliste tarkustega.\" \/>\n<meta property=\"og:url\" content=\"https:\/\/enchanta.ee\/en\/product\/shining-moon-4-ml-maagiline-parfuum\/\" \/>\n<meta property=\"og:site_name\" content=\"Enchanta\" \/>\n<meta property=\"article:modified_time\" content=\"2025-10-02T06:53:15+00:00\" \/>\n<meta property=\"og:image\" content=\"https:\/\/enchanta.ee\/wp-content\/uploads\/2024\/08\/Photoroom_20240803_114903.jpg\" \/>\n\t<meta property=\"og:image:width\" content=\"2400\" \/>\n\t<meta property=\"og:image:height\" content=\"2400\" \/>\n\t<meta property=\"og:image:type\" content=\"image\/jpeg\" \/>\n<meta name=\"twitter:card\" content=\"summary_large_image\" \/>\n<meta name=\"twitter:label1\" content=\"Est. reading time\" \/>\n\t<meta name=\"twitter:data1\" content=\"2 minutes\" \/>\n<script type=\"application\/ld+json\" class=\"yoast-schema-graph\">{\"@context\":\"https:\\\/\\\/schema.org\",\"@graph\":[{\"@type\":\"WebPage\",\"@id\":\"https:\\\/\\\/enchanta.ee\\\/toode\\\/shining-moon-4-ml-maagiline-parfuum\\\/\",\"url\":\"https:\\\/\\\/enchanta.ee\\\/toode\\\/shining-moon-4-ml-maagiline-parfuum\\\/\",\"name\":\"Shining Moon (4 ml) | Maagiline parf\u00fc\u00fcm - Enchanta\",\"isPartOf\":{\"@id\":\"https:\\\/\\\/enchanta.ee\\\/#website\"},\"primaryImageOfPage\":{\"@id\":\"https:\\\/\\\/enchanta.ee\\\/toode\\\/shining-moon-4-ml-maagiline-parfuum\\\/#primaryimage\"},\"image\":{\"@id\":\"https:\\\/\\\/enchanta.ee\\\/toode\\\/shining-moon-4-ml-maagiline-parfuum\\\/#primaryimage\"},\"thumbnailUrl\":\"https:\\\/\\\/enchanta.ee\\\/wp-content\\\/uploads\\\/2024\\\/08\\\/Photoroom_20240803_114903.jpg\",\"datePublished\":\"2024-08-03T10:53:59+00:00\",\"dateModified\":\"2025-10-02T06:53:15+00:00\",\"breadcrumb\":{\"@id\":\"https:\\\/\\\/enchanta.ee\\\/toode\\\/shining-moon-4-ml-maagiline-parfuum\\\/#breadcrumb\"},\"inLanguage\":\"en-US\",\"potentialAction\":[{\"@type\":\"ReadAction\",\"target\":[\"https:\\\/\\\/enchanta.ee\\\/toode\\\/shining-moon-4-ml-maagiline-parfuum\\\/\"]}]},{\"@type\":\"ImageObject\",\"inLanguage\":\"en-US\",\"@id\":\"https:\\\/\\\/enchanta.ee\\\/toode\\\/shining-moon-4-ml-maagiline-parfuum\\\/#primaryimage\",\"url\":\"https:\\\/\\\/enchanta.ee\\\/wp-content\\\/uploads\\\/2024\\\/08\\\/Photoroom_20240803_114903.jpg\",\"contentUrl\":\"https:\\\/\\\/enchanta.ee\\\/wp-content\\\/uploads\\\/2024\\\/08\\\/Photoroom_20240803_114903.jpg\",\"width\":2400,\"height\":2400},{\"@type\":\"BreadcrumbList\",\"@id\":\"https:\\\/\\\/enchanta.ee\\\/toode\\\/shining-moon-4-ml-maagiline-parfuum\\\/#breadcrumb\",\"itemListElement\":[{\"@type\":\"ListItem\",\"position\":1,\"name\":\"Home\",\"item\":\"https:\\\/\\\/enchanta.ee\\\/\"},{\"@type\":\"ListItem\",\"position\":2,\"name\":\"Pood\",\"item\":\"https:\\\/\\\/enchanta.ee\\\/shop\\\/\"},{\"@type\":\"ListItem\",\"position\":3,\"name\":\"Shining Moon (4 ml) | Maagiline parf\u00fc\u00fcm\"}]},{\"@type\":\"WebSite\",\"@id\":\"https:\\\/\\\/enchanta.ee\\\/#website\",\"url\":\"https:\\\/\\\/enchanta.ee\\\/\",\"name\":\"Enchanta\",\"description\":\"Kodune maagia\",\"publisher\":{\"@id\":\"https:\\\/\\\/enchanta.ee\\\/#organization\"},\"potentialAction\":[{\"@type\":\"SearchAction\",\"target\":{\"@type\":\"EntryPoint\",\"urlTemplate\":\"https:\\\/\\\/enchanta.ee\\\/?s={search_term_string}\"},\"query-input\":{\"@type\":\"PropertyValueSpecification\",\"valueRequired\":true,\"valueName\":\"search_term_string\"}}],\"inLanguage\":\"en-US\"},{\"@type\":\"Organization\",\"@id\":\"https:\\\/\\\/enchanta.ee\\\/#organization\",\"name\":\"Enchanta\",\"url\":\"https:\\\/\\\/enchanta.ee\\\/\",\"logo\":{\"@type\":\"ImageObject\",\"inLanguage\":\"en-US\",\"@id\":\"https:\\\/\\\/enchanta.ee\\\/#\\\/schema\\\/logo\\\/image\\\/\",\"url\":\"https:\\\/\\\/enchanta.ee\\\/wp-content\\\/uploads\\\/2023\\\/11\\\/Enchanta.png\",\"contentUrl\":\"https:\\\/\\\/enchanta.ee\\\/wp-content\\\/uploads\\\/2023\\\/11\\\/Enchanta.png\",\"width\":231,\"height\":149,\"caption\":\"Enchanta\"},\"image\":{\"@id\":\"https:\\\/\\\/enchanta.ee\\\/#\\\/schema\\\/logo\\\/image\\\/\"}}]}<\/script>\n<!-- \/ Yoast SEO plugin. -->","yoast_head_json":{"title":"Shining Moon (4 ml) | Maagiline parf\u00fc\u00fcm - Enchanta","robots":{"index":"index","follow":"follow","max-snippet":"max-snippet:-1","max-image-preview":"max-image-preview:large","max-video-preview":"max-video-preview:-1"},"canonical":"https:\/\/enchanta.ee\/en\/product\/shining-moon-4-ml-maagiline-parfuum\/","og_locale":"en_US","og_type":"article","og_title":"Shining Moon (4 ml) | Maagiline parf\u00fc\u00fcm - Enchanta","og_description":"Kas otsid viisi, kuidas kedagi erilist v\u00f5luda v\u00f5i soovid lihtsalt ise vastupandamatult kaunis olla \u2013 see lummav parf\u00fc\u00fcm on kindlasti sinu jaoks. Shining moon \u00fchendab sind Kuu ja \u00f6\u00f6taeva salap\u00e4ra ja maagiliste tarkustega.","og_url":"https:\/\/enchanta.ee\/en\/product\/shining-moon-4-ml-maagiline-parfuum\/","og_site_name":"Enchanta","article_modified_time":"2025-10-02T06:53:15+00:00","og_image":[{"width":2400,"height":2400,"url":"https:\/\/enchanta.ee\/wp-content\/uploads\/2024\/08\/Photoroom_20240803_114903.jpg","type":"image\/jpeg"}],"twitter_card":"summary_large_image","twitter_misc":{"Est. reading time":"2 minutes"},"schema":{"@context":"https:\/\/schema.org","@graph":[{"@type":"WebPage","@id":"https:\/\/enchanta.ee\/toode\/shining-moon-4-ml-maagiline-parfuum\/","url":"https:\/\/enchanta.ee\/toode\/shining-moon-4-ml-maagiline-parfuum\/","name":"Shining Moon (4 ml) | Maagiline parf\u00fc\u00fcm - Enchanta","isPartOf":{"@id":"https:\/\/enchanta.ee\/#website"},"primaryImageOfPage":{"@id":"https:\/\/enchanta.ee\/toode\/shining-moon-4-ml-maagiline-parfuum\/#primaryimage"},"image":{"@id":"https:\/\/enchanta.ee\/toode\/shining-moon-4-ml-maagiline-parfuum\/#primaryimage"},"thumbnailUrl":"https:\/\/enchanta.ee\/wp-content\/uploads\/2024\/08\/Photoroom_20240803_114903.jpg","datePublished":"2024-08-03T10:53:59+00:00","dateModified":"2025-10-02T06:53:15+00:00","breadcrumb":{"@id":"https:\/\/enchanta.ee\/toode\/shining-moon-4-ml-maagiline-parfuum\/#breadcrumb"},"inLanguage":"en-US","potentialAction":[{"@type":"ReadAction","target":["https:\/\/enchanta.ee\/toode\/shining-moon-4-ml-maagiline-parfuum\/"]}]},{"@type":"ImageObject","inLanguage":"en-US","@id":"https:\/\/enchanta.ee\/toode\/shining-moon-4-ml-maagiline-parfuum\/#primaryimage","url":"https:\/\/enchanta.ee\/wp-content\/uploads\/2024\/08\/Photoroom_20240803_114903.jpg","contentUrl":"https:\/\/enchanta.ee\/wp-content\/uploads\/2024\/08\/Photoroom_20240803_114903.jpg","width":2400,"height":2400},{"@type":"BreadcrumbList","@id":"https:\/\/enchanta.ee\/toode\/shining-moon-4-ml-maagiline-parfuum\/#breadcrumb","itemListElement":[{"@type":"ListItem","position":1,"name":"Home","item":"https:\/\/enchanta.ee\/"},{"@type":"ListItem","position":2,"name":"Pood","item":"https:\/\/enchanta.ee\/shop\/"},{"@type":"ListItem","position":3,"name":"Shining Moon (4 ml) | Maagiline parf\u00fc\u00fcm"}]},{"@type":"WebSite","@id":"https:\/\/enchanta.ee\/#website","url":"https:\/\/enchanta.ee\/","name":"magic of","description":"Kodune maagia","publisher":{"@id":"https:\/\/enchanta.ee\/#organization"},"potentialAction":[{"@type":"SearchAction","target":{"@type":"EntryPoint","urlTemplate":"https:\/\/enchanta.ee\/?s={search_term_string}"},"query-input":{"@type":"PropertyValueSpecification","valueRequired":true,"valueName":"search_term_string"}}],"inLanguage":"en-US"},{"@type":"Organization","@id":"https:\/\/enchanta.ee\/#organization","name":"magic of","url":"https:\/\/enchanta.ee\/","logo":{"@type":"ImageObject","inLanguage":"en-US","@id":"https:\/\/enchanta.ee\/#\/schema\/logo\/image\/","url":"https:\/\/enchanta.ee\/wp-content\/uploads\/2023\/11\/Enchanta.png","contentUrl":"https:\/\/enchanta.ee\/wp-content\/uploads\/2023\/11\/Enchanta.png","width":231,"height":149,"caption":"Enchanta"},"image":{"@id":"https:\/\/enchanta.ee\/#\/schema\/logo\/image\/"}}]}},"_links":{"self":[{"href":"https:\/\/enchanta.ee\/en\/wp-json\/wp\/v2\/product\/3366","targetHints":{"allow":["GET"]}}],"collection":[{"href":"https:\/\/enchanta.ee\/en\/wp-json\/wp\/v2\/product"}],"about":[{"href":"https:\/\/enchanta.ee\/en\/wp-json\/wp\/v2\/types\/product"}],"wp:featuredmedia":[{"embeddable":true,"href":"https:\/\/enchanta.ee\/en\/wp-json\/wp\/v2\/media\/3363"}],"wp:attachment":[{"href":"https:\/\/enchanta.ee\/en\/wp-json\/wp\/v2\/media?parent=3366"}],"wp:term":[{"taxonomy":"product_brand","embeddable":true,"href":"https:\/\/enchanta.ee\/en\/wp-json\/wp\/v2\/product_brand?post=3366"},{"taxonomy":"product_cat","embeddable":true,"href":"https:\/\/enchanta.ee\/en\/wp-json\/wp\/v2\/product_cat?post=3366"},{"taxonomy":"product_tag","embeddable":true,"href":"https:\/\/enchanta.ee\/en\/wp-json\/wp\/v2\/product_tag?post=3366"}],"curies":[{"name":"wp","href":"https:\/\/api.w.org\/{rel}","templated":true}]}}