{"id":3219,"date":"2024-04-27T18:33:01","date_gmt":"2024-04-27T18:33:01","guid":{"rendered":"https:\/\/enchanta.ee\/?post_type=product&#038;p=3219"},"modified":"2025-11-16T14:25:13","modified_gmt":"2025-11-16T14:25:13","slug":"urgema-punane-muskus","status":"publish","type":"product","link":"https:\/\/enchanta.ee\/en\/product\/urgema-punane-muskus\/","title":{"rendered":"\u00dcrgema Punane Muskus (4 ml) | Maagiline parf\u00fc\u00fcm"},"content":{"rendered":"<div id=\"fws_69de62c57c6cb\"  data-column-margin=\"default\" data-midnight=\"dark\" data-top-percent=\"3%\" data-bottom-percent=\"6%\"  class=\"wpb_row vc_row-fluid vc_row full-width-content vc_row-o-equal-height vc_row-flex vc_row-o-content-middle  right_padding_6pct left_padding_6pct reverse_columns_column_tablet reverse_columns_column_phone right_padding_tablet_8pct left_padding_tablet_8pct\"  style=\"padding-top: calc(100vw * 0.03); padding-bottom: calc(100vw * 0.06); \"><div class=\"row-bg-wrap\" data-bg-animation=\"none\" data-bg-animation-delay=\"\" data-bg-overlay=\"false\"><div class=\"inner-wrap row-bg-layer\" ><div class=\"row-bg viewport-desktop\"  style=\"\"><\/div><\/div><\/div><div class=\"row_col_wrap_12 col span_12 dark left\">\n\t<div  class=\"vc_col-sm-6 wpb_column column_container vc_column_container col padding-3-percent no-extra-padding_tablet no-extra-padding_phone\"  data-padding-pos=\"all\" data-has-bg-color=\"false\" data-bg-color=\"\" data-bg-opacity=\"1\" data-animation=\"\" data-delay=\"0\" >\n\t\t<div class=\"vc_column-inner\" >\n\t\t\t<div class=\"wpb_wrapper\">\n\t\t\t\t<div class=\"nectar-split-heading\" data-align=\"default\" data-m-align=\"inherit\" data-text-effect=\"default\" data-animation-type=\"line-reveal-by-space\" data-animation-delay=\"0\" data-animation-offset=\"\" data-m-rm-animation=\"\" data-stagger=\"\" data-custom-font-size=\"true\" style=\"font-size: 3vw; line-height: 3.3vw;\"><h2 style=\" color: #c0c0c0;\">Maagiline toime<\/h2><\/div><div class=\"nectar-fancy-ul\" data-list-icon=\"icon-salient-thin-line\" data-animation=\"false\" data-animation-delay=\"0\" data-color=\"accent-color\" data-spacing=\"default\" data-alignment=\"left\"> \u00dcrgema Punane Muskus parf\u00fc\u00fcmi maagilised omadused:<\/p>\n<ul>\n<li>Strong grounding<\/li>\n<li>Sharp senses<\/li>\n<li>Presence<\/li>\n<li>Clear vision<\/li>\n<li>Naiselik tarkus ja naiselik v\u00e4gi<\/li>\n<li>Connection with the power of nature<\/li>\n<\/ul>\n<p>Tegemist on puhta ja intensiivse parf\u00fc\u00fcm\u00f5liga, mis ei ole lahendatud alkoholiga. <\/div>\n\t\t\t<\/div> \n\t\t<\/div>\n\t<\/div> \n\n\t<div  class=\"vc_col-sm-6 wpb_column column_container vc_column_container col no-extra-padding el_spacing_0px inherit_tablet inherit_phone\"  data-padding-pos=\"all\" data-has-bg-color=\"false\" data-bg-color=\"\" data-bg-opacity=\"1\" data-animation=\"\" data-delay=\"0\" >\n\t\t<div class=\"vc_column-inner\" >\n\t\t\t<div class=\"wpb_wrapper\">\n\t\t\t\t<div id=\"fws_69de62c57cd04\" data-midnight=\"\" data-column-margin=\"default\" class=\"wpb_row vc_row-fluid vc_row inner_row  left_padding_tablet_10pct\"  style=\"\"><div class=\"row-bg-wrap\"> <div class=\"row-bg\" ><\/div> <\/div><div class=\"row_col_wrap_12_inner col span_12  left\">\n\t<div style=\"\" class=\"vc_col-sm-12 wpb_column column_container vc_column_container col child_column no-extra-padding inherit_tablet inherit_phone\"  data-using-bg=\"true\" data-bg-cover=\"true\" data-padding-pos=\"all\" data-has-bg-color=\"false\" data-bg-color=\"\" data-bg-opacity=\"1\" data-animation=\"\" data-delay=\"0\" >\n\t\t<div class=\"vc_column-inner\" ><div class=\"column-image-bg-wrap column-bg-layer viewport-desktop\" data-bg-pos=\"center center\" data-bg-animation=\"none\" data-bg-overlay=\"false\"><div class=\"inner-wrap\"><div class=\"column-image-bg\" style=\" background-image: url('https:\/\/enchanta.ee\/wp-content\/uploads\/2025\/11\/Punane-muskus.jpg'); \"><\/div><\/div><\/div>\n\t\t<div class=\"wpb_wrapper\">\n\t\t\t<div class=\"divider-wrap height_tablet_70vh height_phone_60vh\" data-alignment=\"default\"><div style=\"height: 70vh;\" class=\"divider\"><\/div><\/div>\n\t\t<\/div> \n\t<\/div>\n\t<\/div> \n<\/div><\/div>\n\t\t\t<\/div> \n\t\t<\/div>\n\t<\/div> \n<\/div><\/div>\n\t\t<div id=\"fws_69de62c57d3f1\"  data-column-margin=\"default\" data-midnight=\"dark\"  class=\"wpb_row vc_row-fluid vc_row\"  style=\"padding-top: 0px; padding-bottom: 0px; \"><div class=\"row-bg-wrap\" data-bg-animation=\"none\" data-bg-animation-delay=\"\" data-bg-overlay=\"false\"><div class=\"inner-wrap row-bg-layer\" ><div class=\"row-bg viewport-desktop\"  style=\"\"><\/div><\/div><\/div><div class=\"row_col_wrap_12 col span_12 dark left\">\n\t<div  class=\"vc_col-sm-12 wpb_column column_container vc_column_container col no-extra-padding inherit_tablet inherit_phone\"  data-padding-pos=\"all\" data-has-bg-color=\"false\" data-bg-color=\"\" data-bg-opacity=\"1\" data-animation=\"\" data-delay=\"0\" >\n\t\t<div class=\"vc_column-inner\" >\n\t\t\t<div class=\"wpb_wrapper\">\n\t\t\t\t\n<div class=\"wpb_text_column wpb_content_element\" >\n\t<div class=\"wpb_wrapper\">\n\t\t<p style=\"text-align: center;\">Apply a small amount of perfume to the third eye, wrists and neck. Very little oil is used and it lasts a long time. Its effect can be felt in your aura and energy for several days even after washing.<\/p>\n\t<\/div>\n<\/div>\n\n\n\n\n\t\t\t<\/div> \n\t\t<\/div>\n\t<\/div> \n<\/div><\/div>","protected":false},"excerpt":{"rendered":"<div class=\"flex-1 overflow-hidden\">\n<div class=\"react-scroll-to-bottom--css-otwrc-79elbk h-full\">\n<div class=\"react-scroll-to-bottom--css-otwrc-1n7m0yu\">\n<div class=\"flex flex-col text-sm pb-9\">\n<div class=\"w-full text-token-text-primary\" dir=\"auto\" data-testid=\"conversation-turn-7\">\n<div class=\"px-4 py-2 justify-center text-base md:gap-6 m-auto\">\n<div class=\"flex flex-1 text-base mx-auto gap-3 juice:gap-4 juice:md:gap-6 md:px-5 lg:px-1 xl:px-5 md:max-w-3xl lg:max-w-[40rem] xl:max-w-[48rem]\">\n<div class=\"relative flex w-full min-w-0 flex-col agent-turn\">\n<div class=\"flex-col gap-1 md:gap-3\">\n<div class=\"flex flex-grow flex-col max-w-full\">\n<div class=\"min-h-[20px] text-message flex flex-col items-start gap-3 whitespace-pre-wrap break-words [.text-message+&amp;]:mt-5 overflow-x-auto\" dir=\"auto\" data-message-author-role=\"assistant\" data-message-id=\"06eb9e1f-97cb-48b6-89e4-6a124bcf95f3\">\n<div class=\"markdown prose w-full break-words dark:prose-invert light\">\n<p data-start=\"122\" data-end=\"418\">\u00dcrgema Punane Muskus on kutse s\u00fcgavalt naiselikku v\u00e4ega \u00fchenduma, mis on sama iidne kui maailm ise. See on l\u00f5hn, mis ei palu t\u00e4helepanu \u2013 ta t\u00f5mbab selle endale loomuliku v\u00e4\u00e4rikusega. \u00dcrgema kohalolus pole midagi pehmet ega ebam\u00e4\u00e4rast. Ta on puhas elu\u00adj\u00f5ud, punane nagu veri, tuli ja tahe elada t\u00f5eliselt.<\/p>\n<p data-start=\"420\" data-end=\"790\">See parf\u00fc\u00fcm \u00e4ratab arhet\u00fc\u00fcbi, kes seisab k\u00f5ige elu loomise ja hoidmise keskmes. \u00dcrgema Punane Muskus avab ukse selgusesse, mida tunnevad need, kes on oma sisemise kompassi uuesti kasutusele v\u00f5tnud. L\u00f5hn sulatab lahti seisma j\u00e4\u00e4nud energia, t\u00f5stab esile sinu loomuliku autoriteedi ja tuletab meelde, et sinu v\u00e4\u00e4rtus ei ole kunagi olnud tingimuste k\u00fclge seotud.<\/p>\n<p data-start=\"792\" data-end=\"968\">Punane muskus kannab endas maa soojust ja varjatud tarkust. Ta toob pinnale sinu \u00fcrgse intuitiivse j\u00f5u, mis ei vaja selgitamist, vaid v\u00e4ljendub kohalolus, pilgus ja vaikuses.<\/p>\n<p data-start=\"970\" data-end=\"1161\" data-is-last-node=\"\" data-is-only-node=\"\">\u00dcrgema Punane Muskus on rituaalne v\u00e4eallikas neile, kes on valmis seisma sirgelt oma naiseliku s\u00fcgavuse ja eluj\u00f5u sees \u2013 julgelt, v\u00e4\u00e4rikalt, puhtalt.<\/p>\n<\/div>\n<\/div>\n<\/div>\n<\/div>\n<\/div>\n<\/div>\n<\/div>\n<\/div>\n<\/div>\n<\/div>\n<\/div>\n<\/div>\n","protected":false},"featured_media":3448,"template":"","meta":[],"product_brand":[],"product_cat":[19,20,21,31,24,23],"product_tag":[],"class_list":{"0":"post-3219","1":"product","2":"type-product","3":"status-publish","4":"has-post-thumbnail","6":"product_cat-armastus-suhted","7":"product_cat-kaitse","8":"product_cat-kullus","9":"product_cat-maagilised-parfuumid","10":"product_cat-rahu-tasakaal","11":"product_cat-vaimsed-voimed","13":"first","14":"instock","15":"sale","16":"shipping-taxable","17":"purchasable","18":"product-type-simple"},"yoast_head":"<!-- This site is optimized with the Yoast SEO plugin v27.3 - https:\/\/yoast.com\/product\/yoast-seo-wordpress\/ -->\n<title>\u00dcrgema Punane Muskus (4 ml) | Maagiline parf\u00fc\u00fcm - Enchanta<\/title>\n<meta name=\"robots\" content=\"index, follow, max-snippet:-1, max-image-preview:large, max-video-preview:-1\" \/>\n<link rel=\"canonical\" href=\"https:\/\/enchanta.ee\/en\/product\/urgema-punane-muskus\/\" \/>\n<meta property=\"og:locale\" content=\"en_US\" \/>\n<meta property=\"og:type\" content=\"article\" \/>\n<meta property=\"og:title\" content=\"\u00dcrgema Punane Muskus (4 ml) | Maagiline parf\u00fc\u00fcm - Enchanta\" \/>\n<meta property=\"og:description\" content=\"\u00dcrgema Punane Muskus on kutse s\u00fcgavalt naiselikku v\u00e4ega \u00fchenduma, mis on sama iidne kui maailm ise. See on l\u00f5hn, mis ei palu t\u00e4helepanu \u2013 ta t\u00f5mbab selle endale loomuliku v\u00e4\u00e4rikusega. \u00dcrgema kohalolus pole midagi pehmet ega ebam\u00e4\u00e4rast. Ta on puhas elu\u00adj\u00f5ud, punane nagu veri, tuli ja tahe elada t\u00f5eliselt. See parf\u00fc\u00fcm \u00e4ratab arhet\u00fc\u00fcbi, kes seisab k\u00f5ige elu loomise ja hoidmise keskmes. \u00dcrgema Punane Muskus avab ukse selgusesse, mida tunnevad need, kes on oma sisemise kompassi uuesti kasutusele v\u00f5tnud. L\u00f5hn sulatab lahti seisma j\u00e4\u00e4nud energia, t\u00f5stab esile sinu loomuliku autoriteedi ja tuletab meelde, et sinu v\u00e4\u00e4rtus ei ole kunagi olnud tingimuste k\u00fclge seotud. Punane muskus kannab endas maa soojust ja varjatud tarkust. Ta toob pinnale sinu \u00fcrgse intuitiivse j\u00f5u, mis ei vaja selgitamist, vaid v\u00e4ljendub kohalolus, pilgus ja vaikuses. \u00dcrgema Punane Muskus on rituaalne v\u00e4eallikas neile, kes on valmis seisma sirgelt oma naiseliku s\u00fcgavuse ja eluj\u00f5u sees \u2013 julgelt, v\u00e4\u00e4rikalt, puhtalt.\" \/>\n<meta property=\"og:url\" content=\"https:\/\/enchanta.ee\/en\/product\/urgema-punane-muskus\/\" \/>\n<meta property=\"og:site_name\" content=\"Enchanta\" \/>\n<meta property=\"article:modified_time\" content=\"2025-11-16T14:25:13+00:00\" \/>\n<meta property=\"og:image\" content=\"https:\/\/enchanta.ee\/wp-content\/uploads\/2025\/11\/Punane-muskus.jpg\" \/>\n\t<meta property=\"og:image:width\" content=\"2400\" \/>\n\t<meta property=\"og:image:height\" content=\"2400\" \/>\n\t<meta property=\"og:image:type\" content=\"image\/jpeg\" \/>\n<meta name=\"twitter:card\" content=\"summary_large_image\" \/>\n<meta name=\"twitter:label1\" content=\"Est. reading time\" \/>\n\t<meta name=\"twitter:data1\" content=\"2 minutes\" \/>\n<script type=\"application\/ld+json\" class=\"yoast-schema-graph\">{\"@context\":\"https:\\\/\\\/schema.org\",\"@graph\":[{\"@type\":\"WebPage\",\"@id\":\"https:\\\/\\\/enchanta.ee\\\/toode\\\/urgema-punane-muskus\\\/\",\"url\":\"https:\\\/\\\/enchanta.ee\\\/toode\\\/urgema-punane-muskus\\\/\",\"name\":\"\u00dcrgema Punane Muskus (4 ml) | Maagiline parf\u00fc\u00fcm - Enchanta\",\"isPartOf\":{\"@id\":\"https:\\\/\\\/enchanta.ee\\\/#website\"},\"primaryImageOfPage\":{\"@id\":\"https:\\\/\\\/enchanta.ee\\\/toode\\\/urgema-punane-muskus\\\/#primaryimage\"},\"image\":{\"@id\":\"https:\\\/\\\/enchanta.ee\\\/toode\\\/urgema-punane-muskus\\\/#primaryimage\"},\"thumbnailUrl\":\"https:\\\/\\\/enchanta.ee\\\/wp-content\\\/uploads\\\/2025\\\/11\\\/Punane-muskus.jpg\",\"datePublished\":\"2024-04-27T18:33:01+00:00\",\"dateModified\":\"2025-11-16T14:25:13+00:00\",\"breadcrumb\":{\"@id\":\"https:\\\/\\\/enchanta.ee\\\/toode\\\/urgema-punane-muskus\\\/#breadcrumb\"},\"inLanguage\":\"en-US\",\"potentialAction\":[{\"@type\":\"ReadAction\",\"target\":[\"https:\\\/\\\/enchanta.ee\\\/toode\\\/urgema-punane-muskus\\\/\"]}]},{\"@type\":\"ImageObject\",\"inLanguage\":\"en-US\",\"@id\":\"https:\\\/\\\/enchanta.ee\\\/toode\\\/urgema-punane-muskus\\\/#primaryimage\",\"url\":\"https:\\\/\\\/enchanta.ee\\\/wp-content\\\/uploads\\\/2025\\\/11\\\/Punane-muskus.jpg\",\"contentUrl\":\"https:\\\/\\\/enchanta.ee\\\/wp-content\\\/uploads\\\/2025\\\/11\\\/Punane-muskus.jpg\",\"width\":2400,\"height\":2400},{\"@type\":\"BreadcrumbList\",\"@id\":\"https:\\\/\\\/enchanta.ee\\\/toode\\\/urgema-punane-muskus\\\/#breadcrumb\",\"itemListElement\":[{\"@type\":\"ListItem\",\"position\":1,\"name\":\"Home\",\"item\":\"https:\\\/\\\/enchanta.ee\\\/\"},{\"@type\":\"ListItem\",\"position\":2,\"name\":\"Pood\",\"item\":\"https:\\\/\\\/enchanta.ee\\\/shop\\\/\"},{\"@type\":\"ListItem\",\"position\":3,\"name\":\"\u00dcrgema Punane Muskus (4 ml) | Maagiline parf\u00fc\u00fcm\"}]},{\"@type\":\"WebSite\",\"@id\":\"https:\\\/\\\/enchanta.ee\\\/#website\",\"url\":\"https:\\\/\\\/enchanta.ee\\\/\",\"name\":\"Enchanta\",\"description\":\"Kodune maagia\",\"publisher\":{\"@id\":\"https:\\\/\\\/enchanta.ee\\\/#organization\"},\"potentialAction\":[{\"@type\":\"SearchAction\",\"target\":{\"@type\":\"EntryPoint\",\"urlTemplate\":\"https:\\\/\\\/enchanta.ee\\\/?s={search_term_string}\"},\"query-input\":{\"@type\":\"PropertyValueSpecification\",\"valueRequired\":true,\"valueName\":\"search_term_string\"}}],\"inLanguage\":\"en-US\"},{\"@type\":\"Organization\",\"@id\":\"https:\\\/\\\/enchanta.ee\\\/#organization\",\"name\":\"Enchanta\",\"url\":\"https:\\\/\\\/enchanta.ee\\\/\",\"logo\":{\"@type\":\"ImageObject\",\"inLanguage\":\"en-US\",\"@id\":\"https:\\\/\\\/enchanta.ee\\\/#\\\/schema\\\/logo\\\/image\\\/\",\"url\":\"https:\\\/\\\/enchanta.ee\\\/wp-content\\\/uploads\\\/2023\\\/11\\\/Enchanta.png\",\"contentUrl\":\"https:\\\/\\\/enchanta.ee\\\/wp-content\\\/uploads\\\/2023\\\/11\\\/Enchanta.png\",\"width\":231,\"height\":149,\"caption\":\"Enchanta\"},\"image\":{\"@id\":\"https:\\\/\\\/enchanta.ee\\\/#\\\/schema\\\/logo\\\/image\\\/\"}}]}<\/script>\n<!-- \/ Yoast SEO plugin. -->","yoast_head_json":{"title":"\u00dcrgema Punane Muskus (4 ml) | Maagiline parf\u00fc\u00fcm - Enchanta","robots":{"index":"index","follow":"follow","max-snippet":"max-snippet:-1","max-image-preview":"max-image-preview:large","max-video-preview":"max-video-preview:-1"},"canonical":"https:\/\/enchanta.ee\/en\/product\/urgema-punane-muskus\/","og_locale":"en_US","og_type":"article","og_title":"\u00dcrgema Punane Muskus (4 ml) | Maagiline parf\u00fc\u00fcm - Enchanta","og_description":"\u00dcrgema Punane Muskus on kutse s\u00fcgavalt naiselikku v\u00e4ega \u00fchenduma, mis on sama iidne kui maailm ise. See on l\u00f5hn, mis ei palu t\u00e4helepanu \u2013 ta t\u00f5mbab selle endale loomuliku v\u00e4\u00e4rikusega. \u00dcrgema kohalolus pole midagi pehmet ega ebam\u00e4\u00e4rast. Ta on puhas elu\u00adj\u00f5ud, punane nagu veri, tuli ja tahe elada t\u00f5eliselt. See parf\u00fc\u00fcm \u00e4ratab arhet\u00fc\u00fcbi, kes seisab k\u00f5ige elu loomise ja hoidmise keskmes. \u00dcrgema Punane Muskus avab ukse selgusesse, mida tunnevad need, kes on oma sisemise kompassi uuesti kasutusele v\u00f5tnud. L\u00f5hn sulatab lahti seisma j\u00e4\u00e4nud energia, t\u00f5stab esile sinu loomuliku autoriteedi ja tuletab meelde, et sinu v\u00e4\u00e4rtus ei ole kunagi olnud tingimuste k\u00fclge seotud. Punane muskus kannab endas maa soojust ja varjatud tarkust. Ta toob pinnale sinu \u00fcrgse intuitiivse j\u00f5u, mis ei vaja selgitamist, vaid v\u00e4ljendub kohalolus, pilgus ja vaikuses. \u00dcrgema Punane Muskus on rituaalne v\u00e4eallikas neile, kes on valmis seisma sirgelt oma naiseliku s\u00fcgavuse ja eluj\u00f5u sees \u2013 julgelt, v\u00e4\u00e4rikalt, puhtalt.","og_url":"https:\/\/enchanta.ee\/en\/product\/urgema-punane-muskus\/","og_site_name":"Enchanta","article_modified_time":"2025-11-16T14:25:13+00:00","og_image":[{"width":2400,"height":2400,"url":"https:\/\/enchanta.ee\/wp-content\/uploads\/2025\/11\/Punane-muskus.jpg","type":"image\/jpeg"}],"twitter_card":"summary_large_image","twitter_misc":{"Est. reading time":"2 minutes"},"schema":{"@context":"https:\/\/schema.org","@graph":[{"@type":"WebPage","@id":"https:\/\/enchanta.ee\/toode\/urgema-punane-muskus\/","url":"https:\/\/enchanta.ee\/toode\/urgema-punane-muskus\/","name":"\u00dcrgema Punane Muskus (4 ml) | Maagiline parf\u00fc\u00fcm - Enchanta","isPartOf":{"@id":"https:\/\/enchanta.ee\/#website"},"primaryImageOfPage":{"@id":"https:\/\/enchanta.ee\/toode\/urgema-punane-muskus\/#primaryimage"},"image":{"@id":"https:\/\/enchanta.ee\/toode\/urgema-punane-muskus\/#primaryimage"},"thumbnailUrl":"https:\/\/enchanta.ee\/wp-content\/uploads\/2025\/11\/Punane-muskus.jpg","datePublished":"2024-04-27T18:33:01+00:00","dateModified":"2025-11-16T14:25:13+00:00","breadcrumb":{"@id":"https:\/\/enchanta.ee\/toode\/urgema-punane-muskus\/#breadcrumb"},"inLanguage":"en-US","potentialAction":[{"@type":"ReadAction","target":["https:\/\/enchanta.ee\/toode\/urgema-punane-muskus\/"]}]},{"@type":"ImageObject","inLanguage":"en-US","@id":"https:\/\/enchanta.ee\/toode\/urgema-punane-muskus\/#primaryimage","url":"https:\/\/enchanta.ee\/wp-content\/uploads\/2025\/11\/Punane-muskus.jpg","contentUrl":"https:\/\/enchanta.ee\/wp-content\/uploads\/2025\/11\/Punane-muskus.jpg","width":2400,"height":2400},{"@type":"BreadcrumbList","@id":"https:\/\/enchanta.ee\/toode\/urgema-punane-muskus\/#breadcrumb","itemListElement":[{"@type":"ListItem","position":1,"name":"Home","item":"https:\/\/enchanta.ee\/"},{"@type":"ListItem","position":2,"name":"Pood","item":"https:\/\/enchanta.ee\/shop\/"},{"@type":"ListItem","position":3,"name":"\u00dcrgema Punane Muskus (4 ml) | Maagiline parf\u00fc\u00fcm"}]},{"@type":"WebSite","@id":"https:\/\/enchanta.ee\/#website","url":"https:\/\/enchanta.ee\/","name":"magic of","description":"Kodune maagia","publisher":{"@id":"https:\/\/enchanta.ee\/#organization"},"potentialAction":[{"@type":"SearchAction","target":{"@type":"EntryPoint","urlTemplate":"https:\/\/enchanta.ee\/?s={search_term_string}"},"query-input":{"@type":"PropertyValueSpecification","valueRequired":true,"valueName":"search_term_string"}}],"inLanguage":"en-US"},{"@type":"Organization","@id":"https:\/\/enchanta.ee\/#organization","name":"magic of","url":"https:\/\/enchanta.ee\/","logo":{"@type":"ImageObject","inLanguage":"en-US","@id":"https:\/\/enchanta.ee\/#\/schema\/logo\/image\/","url":"https:\/\/enchanta.ee\/wp-content\/uploads\/2023\/11\/Enchanta.png","contentUrl":"https:\/\/enchanta.ee\/wp-content\/uploads\/2023\/11\/Enchanta.png","width":231,"height":149,"caption":"Enchanta"},"image":{"@id":"https:\/\/enchanta.ee\/#\/schema\/logo\/image\/"}}]}},"_links":{"self":[{"href":"https:\/\/enchanta.ee\/en\/wp-json\/wp\/v2\/product\/3219","targetHints":{"allow":["GET"]}}],"collection":[{"href":"https:\/\/enchanta.ee\/en\/wp-json\/wp\/v2\/product"}],"about":[{"href":"https:\/\/enchanta.ee\/en\/wp-json\/wp\/v2\/types\/product"}],"wp:featuredmedia":[{"embeddable":true,"href":"https:\/\/enchanta.ee\/en\/wp-json\/wp\/v2\/media\/3448"}],"wp:attachment":[{"href":"https:\/\/enchanta.ee\/en\/wp-json\/wp\/v2\/media?parent=3219"}],"wp:term":[{"taxonomy":"product_brand","embeddable":true,"href":"https:\/\/enchanta.ee\/en\/wp-json\/wp\/v2\/product_brand?post=3219"},{"taxonomy":"product_cat","embeddable":true,"href":"https:\/\/enchanta.ee\/en\/wp-json\/wp\/v2\/product_cat?post=3219"},{"taxonomy":"product_tag","embeddable":true,"href":"https:\/\/enchanta.ee\/en\/wp-json\/wp\/v2\/product_tag?post=3219"}],"curies":[{"name":"wp","href":"https:\/\/api.w.org\/{rel}","templated":true}]}}