{"id":3002,"date":"2024-02-05T14:45:42","date_gmt":"2024-02-05T14:45:42","guid":{"rendered":"https:\/\/enchanta.ee\/?post_type=product&#038;p=3002"},"modified":"2024-11-29T08:31:52","modified_gmt":"2024-11-29T08:31:52","slug":"sultan-7-ml","status":"publish","type":"product","link":"https:\/\/enchanta.ee\/en\/product\/sultan-7-ml\/","title":{"rendered":"Sultan (4 ml) | Magical Perfume"},"content":{"rendered":"<div id=\"fws_69de62c57f74e\"  data-column-margin=\"default\" data-midnight=\"dark\" data-top-percent=\"3%\" data-bottom-percent=\"6%\"  class=\"wpb_row vc_row-fluid vc_row full-width-content vc_row-o-equal-height vc_row-flex vc_row-o-content-middle  right_padding_6pct left_padding_6pct reverse_columns_column_tablet reverse_columns_column_phone right_padding_tablet_8pct left_padding_tablet_8pct\"  style=\"padding-top: calc(100vw * 0.03); padding-bottom: calc(100vw * 0.06); \"><div class=\"row-bg-wrap\" data-bg-animation=\"none\" data-bg-animation-delay=\"\" data-bg-overlay=\"false\"><div class=\"inner-wrap row-bg-layer\" ><div class=\"row-bg viewport-desktop\"  style=\"\"><\/div><\/div><\/div><div class=\"row_col_wrap_12 col span_12 dark left\">\n\t<div  class=\"vc_col-sm-6 wpb_column column_container vc_column_container col padding-3-percent no-extra-padding_tablet no-extra-padding_phone\"  data-padding-pos=\"all\" data-has-bg-color=\"false\" data-bg-color=\"\" data-bg-opacity=\"1\" data-animation=\"\" data-delay=\"0\" >\n\t\t<div class=\"vc_column-inner\" >\n\t\t\t<div class=\"wpb_wrapper\">\n\t\t\t\t<div class=\"nectar-split-heading\" data-align=\"default\" data-m-align=\"inherit\" data-text-effect=\"default\" data-animation-type=\"line-reveal-by-space\" data-animation-delay=\"0\" data-animation-offset=\"\" data-m-rm-animation=\"\" data-stagger=\"\" data-custom-font-size=\"true\" style=\"font-size: 3vw; line-height: 3.3vw;\"><h2 style=\" color: #c0c0c0;\">Maagiline toime<\/h2><\/div><div class=\"nectar-fancy-ul\" data-list-icon=\"icon-salient-thin-line\" data-animation=\"false\" data-animation-delay=\"0\" data-color=\"accent-color\" data-spacing=\"default\" data-alignment=\"left\"> Magical properties of the perfume \"Sultan\":<\/p>\n<ul>\n<li>Enhancing masculine power<\/li>\n<li>Growth of confidence and self-awareness<\/li>\n<li>Sensing clarity and purpose<\/li>\n<li>Unlocking the energies of success and abundance<\/li>\n<li>Strengthening leadership qualities<\/li>\n<li>Connecting with the inner king and warrior energy<\/li>\n<\/ul>\n<p>Parf\u00fc\u00fcm sobib v\u00f5imsalt toetama k\u00f5iki t\u00e4hem\u00e4rke, kuid eriti tule ja maa m\u00e4rgi all s\u00fcndinud mehi.P<\/p>\n<p>Premium Grade A Quality <\/div>\n\t\t\t<\/div> \n\t\t<\/div>\n\t<\/div> \n\n\t<div  class=\"vc_col-sm-6 wpb_column column_container vc_column_container col no-extra-padding el_spacing_0px inherit_tablet inherit_phone\"  data-padding-pos=\"all\" data-has-bg-color=\"false\" data-bg-color=\"\" data-bg-opacity=\"1\" data-animation=\"\" data-delay=\"0\" >\n\t\t<div class=\"vc_column-inner\" >\n\t\t\t<div class=\"wpb_wrapper\">\n\t\t\t\t<div id=\"fws_69de62c57fd7b\" data-midnight=\"\" data-column-margin=\"default\" class=\"wpb_row vc_row-fluid vc_row inner_row  left_padding_tablet_10pct\"  style=\"\"><div class=\"row-bg-wrap\"> <div class=\"row-bg\" ><\/div> <\/div><div class=\"row_col_wrap_12_inner col span_12  left\">\n\t<div style=\"\" class=\"vc_col-sm-12 wpb_column column_container vc_column_container col child_column no-extra-padding inherit_tablet inherit_phone\"  data-using-bg=\"true\" data-bg-cover=\"true\" data-padding-pos=\"all\" data-has-bg-color=\"false\" data-bg-color=\"\" data-bg-opacity=\"1\" data-animation=\"\" data-delay=\"0\" >\n\t\t<div class=\"vc_column-inner\" ><div class=\"column-image-bg-wrap column-bg-layer viewport-desktop\" data-bg-pos=\"center center\" data-bg-animation=\"none\" data-bg-overlay=\"false\"><div class=\"inner-wrap\"><div class=\"column-image-bg\" style=\" background-image: url('https:\/\/enchanta.ee\/wp-content\/uploads\/2024\/04\/IMG_6672-scaled.jpg'); \"><\/div><\/div><\/div>\n\t\t<div class=\"wpb_wrapper\">\n\t\t\t<div class=\"divider-wrap height_tablet_70vh height_phone_60vh\" data-alignment=\"default\"><div style=\"height: 70vh;\" class=\"divider\"><\/div><\/div>\n\t\t<\/div> \n\t<\/div>\n\t<\/div> \n<\/div><\/div>\n\t\t\t<\/div> \n\t\t<\/div>\n\t<\/div> \n<\/div><\/div>\n\t\t<div id=\"fws_69de62c5803ff\"  data-column-margin=\"default\" data-midnight=\"dark\"  class=\"wpb_row vc_row-fluid vc_row\"  style=\"padding-top: 0px; padding-bottom: 0px; \"><div class=\"row-bg-wrap\" data-bg-animation=\"none\" data-bg-animation-delay=\"\" data-bg-overlay=\"false\"><div class=\"inner-wrap row-bg-layer\" ><div class=\"row-bg viewport-desktop\"  style=\"\"><\/div><\/div><\/div><div class=\"row_col_wrap_12 col span_12 dark left\">\n\t<div  class=\"vc_col-sm-12 wpb_column column_container vc_column_container col no-extra-padding inherit_tablet inherit_phone\"  data-padding-pos=\"all\" data-has-bg-color=\"false\" data-bg-color=\"\" data-bg-opacity=\"1\" data-animation=\"\" data-delay=\"0\" >\n\t\t<div class=\"vc_column-inner\" >\n\t\t\t<div class=\"wpb_wrapper\">\n\t\t\t\t\n<div class=\"wpb_text_column wpb_content_element\" >\n\t<div class=\"wpb_wrapper\">\n\t\t<p style=\"text-align: center;\">Apply a small amount of perfume to the third eye, wrists and neck. Very little oil is used and it lasts a long time. Its effect can be felt in your aura and energy for several days even after washing.<\/p>\n\t<\/div>\n<\/div>\n\n\n\n\n\t\t\t<\/div> \n\t\t<\/div>\n\t<\/div> \n<\/div><\/div>","protected":false},"excerpt":{"rendered":"<p>The Sultan was born as sunlight reflected in a firewall, carrying within him a radiant awareness and timeless peace. Power and elegance. Royal and luxurious. The perfume \"Sultan,\" with its magical properties, opens a man's energy to golden richness and self-awareness, where strength and respect meet in harmonious accord.<\/p>","protected":false},"featured_media":3297,"template":"","meta":[],"product_brand":[],"product_cat":[19,20,21,31,24],"product_tag":[],"class_list":{"0":"post-3002","1":"product","2":"type-product","3":"status-publish","4":"has-post-thumbnail","6":"product_cat-armastus-suhted","7":"product_cat-kaitse","8":"product_cat-kullus","9":"product_cat-maagilised-parfuumid","10":"product_cat-rahu-tasakaal","12":"first","13":"outofstock","14":"sale","15":"shipping-taxable","16":"purchasable","17":"product-type-simple"},"yoast_head":"<!-- This site is optimized with the Yoast SEO plugin v27.3 - https:\/\/yoast.com\/product\/yoast-seo-wordpress\/ -->\n<title>Sultan (4 ml) | Ainult Meestele | Maagiline parf\u00fc\u00fcm - Enchanta<\/title>\n<meta name=\"robots\" content=\"index, follow, max-snippet:-1, max-image-preview:large, max-video-preview:-1\" \/>\n<link rel=\"canonical\" href=\"https:\/\/enchanta.ee\/en\/product\/sultan-7-ml\/\" \/>\n<meta property=\"og:locale\" content=\"en_US\" \/>\n<meta property=\"og:type\" content=\"article\" \/>\n<meta property=\"og:title\" content=\"Sultan (4 ml) | Ainult Meestele | Maagiline parf\u00fc\u00fcm - Enchanta\" \/>\n<meta property=\"og:description\" content=\"Sultan s\u00fcndis tulem\u00fc\u00fcris peegelduva p\u00e4ikesevalgusena, kandes endas s\u00e4ravat teadlikkust ja ajatut rahu. V\u00f5im ja elegants. Kuninglik ja luksuslik. Maagiliste omadustega parf\u00fc\u00fcm &#039;&#039;Sultan&#039;&#039; avab mehe energeetika kuldsele rikkusele ja eneseteadlikkusele, kus j\u00f5ud ja lugupidamine kohtuvad harmoonilises koosk\u00f5las.\" \/>\n<meta property=\"og:url\" content=\"https:\/\/enchanta.ee\/en\/product\/sultan-7-ml\/\" \/>\n<meta property=\"og:site_name\" content=\"Enchanta\" \/>\n<meta property=\"article:modified_time\" content=\"2024-11-29T08:31:52+00:00\" \/>\n<meta property=\"og:image\" content=\"https:\/\/enchanta.ee\/wp-content\/uploads\/2024\/04\/Photoroom_20240710_192011.jpg\" \/>\n\t<meta property=\"og:image:width\" content=\"1512\" \/>\n\t<meta property=\"og:image:height\" content=\"1512\" \/>\n\t<meta property=\"og:image:type\" content=\"image\/jpeg\" \/>\n<meta name=\"twitter:card\" content=\"summary_large_image\" \/>\n<meta name=\"twitter:label1\" content=\"Est. reading time\" \/>\n\t<meta name=\"twitter:data1\" content=\"2 minutes\" \/>\n<script type=\"application\/ld+json\" class=\"yoast-schema-graph\">{\"@context\":\"https:\\\/\\\/schema.org\",\"@graph\":[{\"@type\":\"WebPage\",\"@id\":\"https:\\\/\\\/enchanta.ee\\\/toode\\\/sultan-7-ml\\\/\",\"url\":\"https:\\\/\\\/enchanta.ee\\\/toode\\\/sultan-7-ml\\\/\",\"name\":\"Sultan (4 ml) | Ainult Meestele | Maagiline parf\u00fc\u00fcm - Enchanta\",\"isPartOf\":{\"@id\":\"https:\\\/\\\/enchanta.ee\\\/#website\"},\"primaryImageOfPage\":{\"@id\":\"https:\\\/\\\/enchanta.ee\\\/toode\\\/sultan-7-ml\\\/#primaryimage\"},\"image\":{\"@id\":\"https:\\\/\\\/enchanta.ee\\\/toode\\\/sultan-7-ml\\\/#primaryimage\"},\"thumbnailUrl\":\"https:\\\/\\\/enchanta.ee\\\/wp-content\\\/uploads\\\/2024\\\/04\\\/Photoroom_20240710_192011.jpg\",\"datePublished\":\"2024-02-05T14:45:42+00:00\",\"dateModified\":\"2024-11-29T08:31:52+00:00\",\"breadcrumb\":{\"@id\":\"https:\\\/\\\/enchanta.ee\\\/toode\\\/sultan-7-ml\\\/#breadcrumb\"},\"inLanguage\":\"en-US\",\"potentialAction\":[{\"@type\":\"ReadAction\",\"target\":[\"https:\\\/\\\/enchanta.ee\\\/toode\\\/sultan-7-ml\\\/\"]}]},{\"@type\":\"ImageObject\",\"inLanguage\":\"en-US\",\"@id\":\"https:\\\/\\\/enchanta.ee\\\/toode\\\/sultan-7-ml\\\/#primaryimage\",\"url\":\"https:\\\/\\\/enchanta.ee\\\/wp-content\\\/uploads\\\/2024\\\/04\\\/Photoroom_20240710_192011.jpg\",\"contentUrl\":\"https:\\\/\\\/enchanta.ee\\\/wp-content\\\/uploads\\\/2024\\\/04\\\/Photoroom_20240710_192011.jpg\",\"width\":1512,\"height\":1512},{\"@type\":\"BreadcrumbList\",\"@id\":\"https:\\\/\\\/enchanta.ee\\\/toode\\\/sultan-7-ml\\\/#breadcrumb\",\"itemListElement\":[{\"@type\":\"ListItem\",\"position\":1,\"name\":\"Home\",\"item\":\"https:\\\/\\\/enchanta.ee\\\/\"},{\"@type\":\"ListItem\",\"position\":2,\"name\":\"Pood\",\"item\":\"https:\\\/\\\/enchanta.ee\\\/shop\\\/\"},{\"@type\":\"ListItem\",\"position\":3,\"name\":\"Sultan (4 ml) | Ainult Meestele | Maagiline parf\u00fc\u00fcm\"}]},{\"@type\":\"WebSite\",\"@id\":\"https:\\\/\\\/enchanta.ee\\\/#website\",\"url\":\"https:\\\/\\\/enchanta.ee\\\/\",\"name\":\"Enchanta\",\"description\":\"Kodune maagia\",\"publisher\":{\"@id\":\"https:\\\/\\\/enchanta.ee\\\/#organization\"},\"potentialAction\":[{\"@type\":\"SearchAction\",\"target\":{\"@type\":\"EntryPoint\",\"urlTemplate\":\"https:\\\/\\\/enchanta.ee\\\/?s={search_term_string}\"},\"query-input\":{\"@type\":\"PropertyValueSpecification\",\"valueRequired\":true,\"valueName\":\"search_term_string\"}}],\"inLanguage\":\"en-US\"},{\"@type\":\"Organization\",\"@id\":\"https:\\\/\\\/enchanta.ee\\\/#organization\",\"name\":\"Enchanta\",\"url\":\"https:\\\/\\\/enchanta.ee\\\/\",\"logo\":{\"@type\":\"ImageObject\",\"inLanguage\":\"en-US\",\"@id\":\"https:\\\/\\\/enchanta.ee\\\/#\\\/schema\\\/logo\\\/image\\\/\",\"url\":\"https:\\\/\\\/enchanta.ee\\\/wp-content\\\/uploads\\\/2023\\\/11\\\/Enchanta.png\",\"contentUrl\":\"https:\\\/\\\/enchanta.ee\\\/wp-content\\\/uploads\\\/2023\\\/11\\\/Enchanta.png\",\"width\":231,\"height\":149,\"caption\":\"Enchanta\"},\"image\":{\"@id\":\"https:\\\/\\\/enchanta.ee\\\/#\\\/schema\\\/logo\\\/image\\\/\"}}]}<\/script>\n<!-- \/ Yoast SEO plugin. -->","yoast_head_json":{"title":"Sultan (4 ml) | Ainult Meestele | Maagiline parf\u00fc\u00fcm - Enchanta","robots":{"index":"index","follow":"follow","max-snippet":"max-snippet:-1","max-image-preview":"max-image-preview:large","max-video-preview":"max-video-preview:-1"},"canonical":"https:\/\/enchanta.ee\/en\/product\/sultan-7-ml\/","og_locale":"en_US","og_type":"article","og_title":"Sultan (4 ml) | Ainult Meestele | Maagiline parf\u00fc\u00fcm - Enchanta","og_description":"Sultan s\u00fcndis tulem\u00fc\u00fcris peegelduva p\u00e4ikesevalgusena, kandes endas s\u00e4ravat teadlikkust ja ajatut rahu. V\u00f5im ja elegants. Kuninglik ja luksuslik. Maagiliste omadustega parf\u00fc\u00fcm ''Sultan'' avab mehe energeetika kuldsele rikkusele ja eneseteadlikkusele, kus j\u00f5ud ja lugupidamine kohtuvad harmoonilises koosk\u00f5las.","og_url":"https:\/\/enchanta.ee\/en\/product\/sultan-7-ml\/","og_site_name":"Enchanta","article_modified_time":"2024-11-29T08:31:52+00:00","og_image":[{"width":1512,"height":1512,"url":"https:\/\/enchanta.ee\/wp-content\/uploads\/2024\/04\/Photoroom_20240710_192011.jpg","type":"image\/jpeg"}],"twitter_card":"summary_large_image","twitter_misc":{"Est. reading time":"2 minutes"},"schema":{"@context":"https:\/\/schema.org","@graph":[{"@type":"WebPage","@id":"https:\/\/enchanta.ee\/toode\/sultan-7-ml\/","url":"https:\/\/enchanta.ee\/toode\/sultan-7-ml\/","name":"Sultan (4 ml) | Ainult Meestele | Maagiline parf\u00fc\u00fcm - Enchanta","isPartOf":{"@id":"https:\/\/enchanta.ee\/#website"},"primaryImageOfPage":{"@id":"https:\/\/enchanta.ee\/toode\/sultan-7-ml\/#primaryimage"},"image":{"@id":"https:\/\/enchanta.ee\/toode\/sultan-7-ml\/#primaryimage"},"thumbnailUrl":"https:\/\/enchanta.ee\/wp-content\/uploads\/2024\/04\/Photoroom_20240710_192011.jpg","datePublished":"2024-02-05T14:45:42+00:00","dateModified":"2024-11-29T08:31:52+00:00","breadcrumb":{"@id":"https:\/\/enchanta.ee\/toode\/sultan-7-ml\/#breadcrumb"},"inLanguage":"en-US","potentialAction":[{"@type":"ReadAction","target":["https:\/\/enchanta.ee\/toode\/sultan-7-ml\/"]}]},{"@type":"ImageObject","inLanguage":"en-US","@id":"https:\/\/enchanta.ee\/toode\/sultan-7-ml\/#primaryimage","url":"https:\/\/enchanta.ee\/wp-content\/uploads\/2024\/04\/Photoroom_20240710_192011.jpg","contentUrl":"https:\/\/enchanta.ee\/wp-content\/uploads\/2024\/04\/Photoroom_20240710_192011.jpg","width":1512,"height":1512},{"@type":"BreadcrumbList","@id":"https:\/\/enchanta.ee\/toode\/sultan-7-ml\/#breadcrumb","itemListElement":[{"@type":"ListItem","position":1,"name":"Home","item":"https:\/\/enchanta.ee\/"},{"@type":"ListItem","position":2,"name":"Pood","item":"https:\/\/enchanta.ee\/shop\/"},{"@type":"ListItem","position":3,"name":"Sultan (4 ml) | Ainult Meestele | Maagiline parf\u00fc\u00fcm"}]},{"@type":"WebSite","@id":"https:\/\/enchanta.ee\/#website","url":"https:\/\/enchanta.ee\/","name":"magic of","description":"Kodune maagia","publisher":{"@id":"https:\/\/enchanta.ee\/#organization"},"potentialAction":[{"@type":"SearchAction","target":{"@type":"EntryPoint","urlTemplate":"https:\/\/enchanta.ee\/?s={search_term_string}"},"query-input":{"@type":"PropertyValueSpecification","valueRequired":true,"valueName":"search_term_string"}}],"inLanguage":"en-US"},{"@type":"Organization","@id":"https:\/\/enchanta.ee\/#organization","name":"magic of","url":"https:\/\/enchanta.ee\/","logo":{"@type":"ImageObject","inLanguage":"en-US","@id":"https:\/\/enchanta.ee\/#\/schema\/logo\/image\/","url":"https:\/\/enchanta.ee\/wp-content\/uploads\/2023\/11\/Enchanta.png","contentUrl":"https:\/\/enchanta.ee\/wp-content\/uploads\/2023\/11\/Enchanta.png","width":231,"height":149,"caption":"Enchanta"},"image":{"@id":"https:\/\/enchanta.ee\/#\/schema\/logo\/image\/"}}]}},"_links":{"self":[{"href":"https:\/\/enchanta.ee\/en\/wp-json\/wp\/v2\/product\/3002","targetHints":{"allow":["GET"]}}],"collection":[{"href":"https:\/\/enchanta.ee\/en\/wp-json\/wp\/v2\/product"}],"about":[{"href":"https:\/\/enchanta.ee\/en\/wp-json\/wp\/v2\/types\/product"}],"wp:featuredmedia":[{"embeddable":true,"href":"https:\/\/enchanta.ee\/en\/wp-json\/wp\/v2\/media\/3297"}],"wp:attachment":[{"href":"https:\/\/enchanta.ee\/en\/wp-json\/wp\/v2\/media?parent=3002"}],"wp:term":[{"taxonomy":"product_brand","embeddable":true,"href":"https:\/\/enchanta.ee\/en\/wp-json\/wp\/v2\/product_brand?post=3002"},{"taxonomy":"product_cat","embeddable":true,"href":"https:\/\/enchanta.ee\/en\/wp-json\/wp\/v2\/product_cat?post=3002"},{"taxonomy":"product_tag","embeddable":true,"href":"https:\/\/enchanta.ee\/en\/wp-json\/wp\/v2\/product_tag?post=3002"}],"curies":[{"name":"wp","href":"https:\/\/api.w.org\/{rel}","templated":true}]}}