{"id":2957,"date":"2024-01-29T11:47:03","date_gmt":"2024-01-29T11:47:03","guid":{"rendered":"https:\/\/enchanta.ee\/?post_type=product&#038;p=2957"},"modified":"2025-12-01T13:40:34","modified_gmt":"2025-12-01T13:40:34","slug":"peegel-kristallviiruk","status":"publish","type":"product","link":"https:\/\/enchanta.ee\/en\/product\/peegel-kristallviiruk\/","title":{"rendered":"Mirror | Crystal incense"},"content":{"rendered":"<div id=\"fws_69de2ec708a85\"  data-column-margin=\"default\" data-midnight=\"dark\" data-top-percent=\"3%\" data-bottom-percent=\"6%\"  class=\"wpb_row vc_row-fluid vc_row full-width-content vc_row-o-equal-height vc_row-flex vc_row-o-content-middle  right_padding_6pct left_padding_6pct reverse_columns_column_tablet reverse_columns_column_phone right_padding_tablet_8pct left_padding_tablet_8pct\"  style=\"padding-top: calc(100vw * 0.03); padding-bottom: calc(100vw * 0.06); \"><div class=\"row-bg-wrap\" data-bg-animation=\"none\" data-bg-animation-delay=\"\" data-bg-overlay=\"false\"><div class=\"inner-wrap row-bg-layer\" ><div class=\"row-bg viewport-desktop\"  style=\"\"><\/div><\/div><\/div><div class=\"row_col_wrap_12 col span_12 dark left\">\n\t<div  class=\"vc_col-sm-6 wpb_column column_container vc_column_container col padding-3-percent no-extra-padding_tablet no-extra-padding_phone\"  data-padding-pos=\"all\" data-has-bg-color=\"false\" data-bg-color=\"\" data-bg-opacity=\"1\" data-animation=\"\" data-delay=\"0\" >\n\t\t<div class=\"vc_column-inner\" >\n\t\t\t<div class=\"wpb_wrapper\">\n\t\t\t\t<div class=\"nectar-split-heading\" data-align=\"default\" data-m-align=\"inherit\" data-text-effect=\"default\" data-animation-type=\"line-reveal-by-space\" data-animation-delay=\"0\" data-animation-offset=\"\" data-m-rm-animation=\"\" data-stagger=\"\" data-custom-font-size=\"true\" style=\"font-size: 3vw; line-height: 3.3vw;\"><h2 style=\" color: #c0c0c0;\">Magical Properties<\/h2><\/div><div class=\"nectar-split-heading  font_size_tablet_18px font_size_phone_16px font_line_height_1-7\" data-align=\"default\" data-m-align=\"inherit\" data-text-effect=\"none\" data-animation-type=\"line-reveal-by-space\" data-animation-delay=\"0\" data-animation-offset=\"\" data-m-rm-animation=\"\" data-stagger=\"\" data-custom-font-size=\"true\" style=\"font-size: 1.1vw; line-height: 1.21vw;\"><p >Mirror crystal incense is a creator of magical protection with powerful energetic properties. In addition to offering protection, it helps to open and cleanse your perceptions, allowing you to see to the core of situations.<\/p><\/div><div class=\"nectar-fancy-ul\" data-list-icon=\"icon-salient-thin-line\" data-animation=\"false\" data-animation-delay=\"0\" data-color=\"accent-color\" data-spacing=\"default\" data-alignment=\"left\"> Kasuta peegel viirukit, et:<\/p>\n<ul>\n<li>puhastada ja kaitsta oma energiav\u00e4lja, kodu, kontorit, rituaale ja tervendusseansse;<\/li>\n<li>n\u00e4ha olukordade, iseenda, teiste inimeste t\u00f5elist olemust;<\/li>\n<li>kasutada peegelefekti enesekaitseks konflikti olukordades.<\/li>\n<\/ul>\n <\/div>\n\t\t\t<\/div> \n\t\t<\/div>\n\t<\/div> \n\n\t<div  class=\"vc_col-sm-6 wpb_column column_container vc_column_container col no-extra-padding el_spacing_0px inherit_tablet inherit_phone\"  data-padding-pos=\"all\" data-has-bg-color=\"false\" data-bg-color=\"\" data-bg-opacity=\"1\" data-animation=\"\" data-delay=\"0\" >\n\t\t<div class=\"vc_column-inner\" >\n\t\t\t<div class=\"wpb_wrapper\">\n\t\t\t\t<div id=\"fws_69de2ec709108\" data-midnight=\"\" data-column-margin=\"default\" class=\"wpb_row vc_row-fluid vc_row inner_row  left_padding_tablet_10pct\"  style=\"\"><div class=\"row-bg-wrap\"> <div class=\"row-bg\" ><\/div> <\/div><div class=\"row_col_wrap_12_inner col span_12  left\">\n\t<div style=\"\" class=\"vc_col-sm-12 wpb_column column_container vc_column_container col child_column no-extra-padding inherit_tablet inherit_phone\"  data-using-bg=\"true\" data-bg-cover=\"true\" data-padding-pos=\"all\" data-has-bg-color=\"false\" data-bg-color=\"\" data-bg-opacity=\"1\" data-animation=\"\" data-delay=\"0\" >\n\t\t<div class=\"vc_column-inner\" ><div class=\"column-image-bg-wrap column-bg-layer viewport-desktop\" data-bg-pos=\"center center\" data-bg-animation=\"none\" data-bg-overlay=\"false\"><div class=\"inner-wrap\"><div class=\"column-image-bg\" style=\" background-image: url('https:\/\/enchanta.ee\/wp-content\/uploads\/2024\/01\/93040932-b9dd-4363-af73-a7b8c717c096.jpeg'); \"><\/div><\/div><\/div>\n\t\t<div class=\"wpb_wrapper\">\n\t\t\t<div class=\"divider-wrap height_tablet_70vh height_phone_60vh\" data-alignment=\"default\"><div style=\"height: 70vh;\" class=\"divider\"><\/div><\/div>\n\t\t<\/div> \n\t<\/div>\n\t<\/div> \n<\/div><\/div>\n\t\t\t<\/div> \n\t\t<\/div>\n\t<\/div> \n<\/div><\/div>\n\t\t<div id=\"fws_69de2ec709754\"  data-column-margin=\"default\" data-midnight=\"dark\" data-top-percent=\"4%\" data-bottom-percent=\"5%\"  class=\"wpb_row vc_row-fluid vc_row full-width-content vc_row-o-equal-height vc_row-flex vc_row-o-content-middle  right_padding_5pct left_padding_5pct\"  style=\"padding-top: calc(100vw * 0.04); padding-bottom: calc(100vw * 0.05); \"><div class=\"row-bg-wrap\" data-bg-animation=\"none\" data-bg-animation-delay=\"\" data-bg-overlay=\"false\"><div class=\"inner-wrap row-bg-layer\" ><div class=\"row-bg viewport-desktop\"  style=\"\"><\/div><\/div><\/div><div class=\"row_col_wrap_12 col span_12 dark left\">\n\t<div  class=\"vc_col-sm-7 wpb_column column_container vc_column_container col padding-3-percent no-extra-padding_tablet no-extra-padding_phone\"  data-padding-pos=\"right\" data-has-bg-color=\"false\" data-bg-color=\"\" data-bg-opacity=\"1\" data-animation=\"\" data-delay=\"0\" >\n\t\t<div class=\"vc_column-inner\" >\n\t\t\t<div class=\"wpb_wrapper\">\n\t\t\t\t<div id=\"fws_69de2ec7099d5\" data-midnight=\"\" data-column-margin=\"default\" class=\"wpb_row vc_row-fluid vc_row inner_row  bottom_padding_tablet_40px\"  style=\"\"><div class=\"row-bg-wrap\"> <div class=\"row-bg\" ><\/div> <\/div><div class=\"row_col_wrap_12_inner col span_12  left\">\n\t<div style=\"\" class=\"vc_col-sm-12 wpb_column column_container vc_column_container col child_column no-extra-padding inherit_tablet inherit_phone\"  data-using-bg=\"true\" data-bg-cover=\"true\" data-padding-pos=\"all\" data-has-bg-color=\"false\" data-bg-color=\"\" data-bg-opacity=\"1\" data-animation=\"\" data-delay=\"0\" >\n\t\t<div class=\"vc_column-inner\" ><div class=\"column-image-bg-wrap column-bg-layer viewport-desktop\" data-n-parallax-bg=\"true\" data-parallax-speed=\"very_subtle\" data-bg-pos=\"center center\" data-bg-animation=\"none\" data-bg-overlay=\"false\"><div class=\"inner-wrap\"><div class=\"column-image-bg parallax-layer\" style=\" background-image: url('https:\/\/enchanta.ee\/wp-content\/uploads\/2024\/01\/6f4114be-ec8e-4caa-8203-b1e691369a61.jpeg'); \"><\/div><\/div><\/div>\n\t\t<div class=\"wpb_wrapper\">\n\t\t\t<div class=\"divider-wrap height_tablet_50vh\" data-alignment=\"default\"><div style=\"height: 70vh;\" class=\"divider\"><\/div><\/div>\n\t\t<\/div> \n\t<\/div>\n\t<\/div> \n<\/div><\/div>\n\t\t\t<\/div> \n\t\t<\/div>\n\t<\/div> \n\n\t<div  class=\"vc_col-sm-5 wpb_column column_container vc_column_container col padding-3-percent inherit_tablet inherit_phone\"  data-padding-pos=\"left\" data-has-bg-color=\"false\" data-bg-color=\"\" data-bg-opacity=\"1\" data-animation=\"\" data-delay=\"0\" >\n\t\t<div class=\"vc_column-inner\" >\n\t\t\t<div class=\"wpb_wrapper\">\n\t\t\t\t<div class=\"nectar-split-heading\" data-align=\"default\" data-m-align=\"inherit\" data-text-effect=\"none\" data-animation-type=\"line-reveal-by-space\" data-animation-delay=\"0\" data-animation-offset=\"\" data-m-rm-animation=\"\" data-stagger=\"\" data-custom-font-size=\"true\" style=\"font-size: 3vw; line-height: 3.3vw;\"><h2 >How to use<\/h2><\/div><div class=\"nectar-fancy-ul font_size_desktop_1-1vw font_size_phone_4-5vw font_line_height_1-7\" data-list-icon=\"icon-salient-thin-line\" data-animation=\"true\" data-animation-delay=\"0\" data-color=\"accent-color\" data-spacing=\"default\" data-alignment=\"left\"> \n<ul>\n<li>Place one teaspoon of crystal incense on the burning tray.<\/li>\n<li>Light the crystals so that they start to glow.<\/li>\n<li>Use it like regular incense to cleanse your aura, home, objects, and more.<\/li>\n<li>Use the incense for protection of yourself, your home, rituals, and healing sessions.<\/li>\n<\/ul>\n <\/div>\n\t\t\t<\/div> \n\t\t<\/div>\n\t<\/div> \n<\/div><\/div>","protected":false},"excerpt":{"rendered":"<p>Mirror crystal incense, as its name suggests, helps reflect negative influences back from your life. It serves as a powerful energetic shield and also helps you perceive the true nature of things, other people, and yourself.<\/p>","protected":false},"featured_media":3311,"template":"","meta":[],"product_brand":[],"product_cat":[20,34,32,24,23],"product_tag":[],"class_list":{"0":"post-2957","1":"product","2":"type-product","3":"status-publish","4":"has-post-thumbnail","6":"product_cat-kaitse","7":"product_cat-kristallviirukid","8":"product_cat-maagilised-esemed","9":"product_cat-rahu-tasakaal","10":"product_cat-vaimsed-voimed","12":"first","13":"instock","14":"shipping-taxable","15":"purchasable","16":"product-type-simple"},"yoast_head":"<!-- This site is optimized with the Yoast SEO plugin v27.3 - https:\/\/yoast.com\/product\/yoast-seo-wordpress\/ -->\n<title>Peegel | Kristallviiruk - Enchanta<\/title>\n<meta name=\"robots\" content=\"index, follow, max-snippet:-1, max-image-preview:large, max-video-preview:-1\" \/>\n<link rel=\"canonical\" href=\"https:\/\/enchanta.ee\/en\/product\/peegel-kristallviiruk\/\" \/>\n<meta property=\"og:locale\" content=\"en_US\" \/>\n<meta property=\"og:type\" content=\"article\" \/>\n<meta property=\"og:title\" content=\"Peegel | Kristallviiruk - Enchanta\" \/>\n<meta property=\"og:description\" content=\"Peegel kristallviiruk, nagu nimigi \u00fctleb, aitab tagasi peegeldada negatiivsed m\u00f5jud Sinu elust. See toimib v\u00f5imsa energeetilise kaitsena, kuid aitab Sul n\u00e4ha ka asjade, teiste inimeste ja iseenda t\u00f5elist olemust.\" \/>\n<meta property=\"og:url\" content=\"https:\/\/enchanta.ee\/en\/product\/peegel-kristallviiruk\/\" \/>\n<meta property=\"og:site_name\" content=\"Enchanta\" \/>\n<meta property=\"article:modified_time\" content=\"2025-12-01T13:40:34+00:00\" \/>\n<meta property=\"og:image\" content=\"https:\/\/enchanta.ee\/wp-content\/uploads\/2024\/01\/Photoroom_20240710_210946.jpg\" \/>\n\t<meta property=\"og:image:width\" content=\"1512\" \/>\n\t<meta property=\"og:image:height\" content=\"1512\" \/>\n\t<meta property=\"og:image:type\" content=\"image\/jpeg\" \/>\n<meta name=\"twitter:card\" content=\"summary_large_image\" \/>\n<meta name=\"twitter:label1\" content=\"Est. reading time\" \/>\n\t<meta name=\"twitter:data1\" content=\"3 minutes\" \/>\n<script type=\"application\/ld+json\" class=\"yoast-schema-graph\">{\"@context\":\"https:\\\/\\\/schema.org\",\"@graph\":[{\"@type\":\"WebPage\",\"@id\":\"https:\\\/\\\/enchanta.ee\\\/toode\\\/peegel-kristallviiruk\\\/\",\"url\":\"https:\\\/\\\/enchanta.ee\\\/toode\\\/peegel-kristallviiruk\\\/\",\"name\":\"Peegel | Kristallviiruk - Enchanta\",\"isPartOf\":{\"@id\":\"https:\\\/\\\/enchanta.ee\\\/#website\"},\"primaryImageOfPage\":{\"@id\":\"https:\\\/\\\/enchanta.ee\\\/toode\\\/peegel-kristallviiruk\\\/#primaryimage\"},\"image\":{\"@id\":\"https:\\\/\\\/enchanta.ee\\\/toode\\\/peegel-kristallviiruk\\\/#primaryimage\"},\"thumbnailUrl\":\"https:\\\/\\\/enchanta.ee\\\/wp-content\\\/uploads\\\/2024\\\/01\\\/Photoroom_20240710_210946.jpg\",\"datePublished\":\"2024-01-29T11:47:03+00:00\",\"dateModified\":\"2025-12-01T13:40:34+00:00\",\"breadcrumb\":{\"@id\":\"https:\\\/\\\/enchanta.ee\\\/toode\\\/peegel-kristallviiruk\\\/#breadcrumb\"},\"inLanguage\":\"en-US\",\"potentialAction\":[{\"@type\":\"ReadAction\",\"target\":[\"https:\\\/\\\/enchanta.ee\\\/toode\\\/peegel-kristallviiruk\\\/\"]}]},{\"@type\":\"ImageObject\",\"inLanguage\":\"en-US\",\"@id\":\"https:\\\/\\\/enchanta.ee\\\/toode\\\/peegel-kristallviiruk\\\/#primaryimage\",\"url\":\"https:\\\/\\\/enchanta.ee\\\/wp-content\\\/uploads\\\/2024\\\/01\\\/Photoroom_20240710_210946.jpg\",\"contentUrl\":\"https:\\\/\\\/enchanta.ee\\\/wp-content\\\/uploads\\\/2024\\\/01\\\/Photoroom_20240710_210946.jpg\",\"width\":1512,\"height\":1512},{\"@type\":\"BreadcrumbList\",\"@id\":\"https:\\\/\\\/enchanta.ee\\\/toode\\\/peegel-kristallviiruk\\\/#breadcrumb\",\"itemListElement\":[{\"@type\":\"ListItem\",\"position\":1,\"name\":\"Home\",\"item\":\"https:\\\/\\\/enchanta.ee\\\/\"},{\"@type\":\"ListItem\",\"position\":2,\"name\":\"Pood\",\"item\":\"https:\\\/\\\/enchanta.ee\\\/shop\\\/\"},{\"@type\":\"ListItem\",\"position\":3,\"name\":\"Peegel | Kristallviiruk\"}]},{\"@type\":\"WebSite\",\"@id\":\"https:\\\/\\\/enchanta.ee\\\/#website\",\"url\":\"https:\\\/\\\/enchanta.ee\\\/\",\"name\":\"Enchanta\",\"description\":\"Kodune maagia\",\"publisher\":{\"@id\":\"https:\\\/\\\/enchanta.ee\\\/#organization\"},\"potentialAction\":[{\"@type\":\"SearchAction\",\"target\":{\"@type\":\"EntryPoint\",\"urlTemplate\":\"https:\\\/\\\/enchanta.ee\\\/?s={search_term_string}\"},\"query-input\":{\"@type\":\"PropertyValueSpecification\",\"valueRequired\":true,\"valueName\":\"search_term_string\"}}],\"inLanguage\":\"en-US\"},{\"@type\":\"Organization\",\"@id\":\"https:\\\/\\\/enchanta.ee\\\/#organization\",\"name\":\"Enchanta\",\"url\":\"https:\\\/\\\/enchanta.ee\\\/\",\"logo\":{\"@type\":\"ImageObject\",\"inLanguage\":\"en-US\",\"@id\":\"https:\\\/\\\/enchanta.ee\\\/#\\\/schema\\\/logo\\\/image\\\/\",\"url\":\"https:\\\/\\\/enchanta.ee\\\/wp-content\\\/uploads\\\/2023\\\/11\\\/Enchanta.png\",\"contentUrl\":\"https:\\\/\\\/enchanta.ee\\\/wp-content\\\/uploads\\\/2023\\\/11\\\/Enchanta.png\",\"width\":231,\"height\":149,\"caption\":\"Enchanta\"},\"image\":{\"@id\":\"https:\\\/\\\/enchanta.ee\\\/#\\\/schema\\\/logo\\\/image\\\/\"}}]}<\/script>\n<!-- \/ Yoast SEO plugin. -->","yoast_head_json":{"title":"Peegel | Kristallviiruk - Enchanta","robots":{"index":"index","follow":"follow","max-snippet":"max-snippet:-1","max-image-preview":"max-image-preview:large","max-video-preview":"max-video-preview:-1"},"canonical":"https:\/\/enchanta.ee\/en\/product\/peegel-kristallviiruk\/","og_locale":"en_US","og_type":"article","og_title":"Peegel | Kristallviiruk - Enchanta","og_description":"Peegel kristallviiruk, nagu nimigi \u00fctleb, aitab tagasi peegeldada negatiivsed m\u00f5jud Sinu elust. See toimib v\u00f5imsa energeetilise kaitsena, kuid aitab Sul n\u00e4ha ka asjade, teiste inimeste ja iseenda t\u00f5elist olemust.","og_url":"https:\/\/enchanta.ee\/en\/product\/peegel-kristallviiruk\/","og_site_name":"Enchanta","article_modified_time":"2025-12-01T13:40:34+00:00","og_image":[{"width":1512,"height":1512,"url":"https:\/\/enchanta.ee\/wp-content\/uploads\/2024\/01\/Photoroom_20240710_210946.jpg","type":"image\/jpeg"}],"twitter_card":"summary_large_image","twitter_misc":{"Est. reading time":"3 minutes"},"schema":{"@context":"https:\/\/schema.org","@graph":[{"@type":"WebPage","@id":"https:\/\/enchanta.ee\/toode\/peegel-kristallviiruk\/","url":"https:\/\/enchanta.ee\/toode\/peegel-kristallviiruk\/","name":"Peegel | Kristallviiruk - Enchanta","isPartOf":{"@id":"https:\/\/enchanta.ee\/#website"},"primaryImageOfPage":{"@id":"https:\/\/enchanta.ee\/toode\/peegel-kristallviiruk\/#primaryimage"},"image":{"@id":"https:\/\/enchanta.ee\/toode\/peegel-kristallviiruk\/#primaryimage"},"thumbnailUrl":"https:\/\/enchanta.ee\/wp-content\/uploads\/2024\/01\/Photoroom_20240710_210946.jpg","datePublished":"2024-01-29T11:47:03+00:00","dateModified":"2025-12-01T13:40:34+00:00","breadcrumb":{"@id":"https:\/\/enchanta.ee\/toode\/peegel-kristallviiruk\/#breadcrumb"},"inLanguage":"en-US","potentialAction":[{"@type":"ReadAction","target":["https:\/\/enchanta.ee\/toode\/peegel-kristallviiruk\/"]}]},{"@type":"ImageObject","inLanguage":"en-US","@id":"https:\/\/enchanta.ee\/toode\/peegel-kristallviiruk\/#primaryimage","url":"https:\/\/enchanta.ee\/wp-content\/uploads\/2024\/01\/Photoroom_20240710_210946.jpg","contentUrl":"https:\/\/enchanta.ee\/wp-content\/uploads\/2024\/01\/Photoroom_20240710_210946.jpg","width":1512,"height":1512},{"@type":"BreadcrumbList","@id":"https:\/\/enchanta.ee\/toode\/peegel-kristallviiruk\/#breadcrumb","itemListElement":[{"@type":"ListItem","position":1,"name":"Home","item":"https:\/\/enchanta.ee\/"},{"@type":"ListItem","position":2,"name":"Pood","item":"https:\/\/enchanta.ee\/shop\/"},{"@type":"ListItem","position":3,"name":"Peegel | Kristallviiruk"}]},{"@type":"WebSite","@id":"https:\/\/enchanta.ee\/#website","url":"https:\/\/enchanta.ee\/","name":"magic of","description":"Kodune maagia","publisher":{"@id":"https:\/\/enchanta.ee\/#organization"},"potentialAction":[{"@type":"SearchAction","target":{"@type":"EntryPoint","urlTemplate":"https:\/\/enchanta.ee\/?s={search_term_string}"},"query-input":{"@type":"PropertyValueSpecification","valueRequired":true,"valueName":"search_term_string"}}],"inLanguage":"en-US"},{"@type":"Organization","@id":"https:\/\/enchanta.ee\/#organization","name":"magic of","url":"https:\/\/enchanta.ee\/","logo":{"@type":"ImageObject","inLanguage":"en-US","@id":"https:\/\/enchanta.ee\/#\/schema\/logo\/image\/","url":"https:\/\/enchanta.ee\/wp-content\/uploads\/2023\/11\/Enchanta.png","contentUrl":"https:\/\/enchanta.ee\/wp-content\/uploads\/2023\/11\/Enchanta.png","width":231,"height":149,"caption":"Enchanta"},"image":{"@id":"https:\/\/enchanta.ee\/#\/schema\/logo\/image\/"}}]}},"_links":{"self":[{"href":"https:\/\/enchanta.ee\/en\/wp-json\/wp\/v2\/product\/2957","targetHints":{"allow":["GET"]}}],"collection":[{"href":"https:\/\/enchanta.ee\/en\/wp-json\/wp\/v2\/product"}],"about":[{"href":"https:\/\/enchanta.ee\/en\/wp-json\/wp\/v2\/types\/product"}],"wp:featuredmedia":[{"embeddable":true,"href":"https:\/\/enchanta.ee\/en\/wp-json\/wp\/v2\/media\/3311"}],"wp:attachment":[{"href":"https:\/\/enchanta.ee\/en\/wp-json\/wp\/v2\/media?parent=2957"}],"wp:term":[{"taxonomy":"product_brand","embeddable":true,"href":"https:\/\/enchanta.ee\/en\/wp-json\/wp\/v2\/product_brand?post=2957"},{"taxonomy":"product_cat","embeddable":true,"href":"https:\/\/enchanta.ee\/en\/wp-json\/wp\/v2\/product_cat?post=2957"},{"taxonomy":"product_tag","embeddable":true,"href":"https:\/\/enchanta.ee\/en\/wp-json\/wp\/v2\/product_tag?post=2957"}],"curies":[{"name":"wp","href":"https:\/\/api.w.org\/{rel}","templated":true}]}}