{"id":2761,"date":"2024-01-05T20:45:08","date_gmt":"2024-01-05T20:45:08","guid":{"rendered":"https:\/\/enchanta.ee\/?post_type=product&#038;p=2761"},"modified":"2024-11-29T08:35:23","modified_gmt":"2024-11-29T08:35:23","slug":"ligitombav-veetlus","status":"publish","type":"product","link":"https:\/\/enchanta.ee\/en\/product\/ligitombav-veetlus\/","title":{"rendered":"Attraction | Herbal Bath Mix"},"content":{"rendered":"<div id=\"fws_69de2cace664a\"  data-column-margin=\"default\" data-midnight=\"dark\" data-top-percent=\"3%\" data-bottom-percent=\"6%\"  class=\"wpb_row vc_row-fluid vc_row full-width-content vc_row-o-equal-height vc_row-flex vc_row-o-content-middle  right_padding_6pct left_padding_6pct reverse_columns_column_tablet reverse_columns_column_phone right_padding_tablet_8pct left_padding_tablet_8pct\"  style=\"padding-top: calc(100vw * 0.03); padding-bottom: calc(100vw * 0.06); \"><div class=\"row-bg-wrap\" data-bg-animation=\"none\" data-bg-animation-delay=\"\" data-bg-overlay=\"false\"><div class=\"inner-wrap row-bg-layer\" ><div class=\"row-bg viewport-desktop\"  style=\"\"><\/div><\/div><\/div><div class=\"row_col_wrap_12 col span_12 dark left\">\n\t<div  class=\"vc_col-sm-6 wpb_column column_container vc_column_container col padding-3-percent no-extra-padding_tablet no-extra-padding_phone\"  data-padding-pos=\"all\" data-has-bg-color=\"false\" data-bg-color=\"\" data-bg-opacity=\"1\" data-animation=\"\" data-delay=\"0\" >\n\t\t<div class=\"vc_column-inner\" >\n\t\t\t<div class=\"wpb_wrapper\">\n\t\t\t\t<div class=\"nectar-split-heading  font_size_tablet_18px font_size_phone_16px font_line_height_1-7\" data-align=\"default\" data-m-align=\"inherit\" data-text-effect=\"none\" data-animation-type=\"line-reveal-by-space\" data-animation-delay=\"0\" data-animation-offset=\"\" data-m-rm-animation=\"\" data-stagger=\"\" data-custom-font-size=\"true\" style=\"font-size: 1.1vw; line-height: 1.21vw;\"><p >What is the attraction herbal blend used for?<\/p><\/div><div class=\"nectar-fancy-ul\" data-list-icon=\"icon-salient-thin-line\" data-animation=\"false\" data-animation-delay=\"0\" data-color=\"accent-color\" data-spacing=\"default\" data-alignment=\"left\"> \n<ul>\n<li>For increasing confidence<\/li>\n<li>For creating smoother collaboration<\/li>\n<li>For capturing your partner's attention<\/li>\n<li>For improving self-esteem<\/li>\n<li>For attracting love and respect<\/li>\n<\/ul>\n <\/div><div class=\"nectar-split-heading  font_size_tablet_18px font_size_phone_16px font_line_height_1-7\" data-align=\"default\" data-m-align=\"inherit\" data-text-effect=\"none\" data-animation-type=\"line-reveal-by-space\" data-animation-delay=\"0\" data-animation-offset=\"\" data-m-rm-animation=\"\" data-stagger=\"\" data-custom-font-size=\"true\" style=\"font-size: 1.1vw; line-height: 1.21vw;\"><p >The Attraction herbal blend is a wonderful, love-infused mix that primarily helps you accept and embrace yourself. It takes you on a journey where respect and gratitude for yourself and your body grow.<\/p><\/div>\n\t\t\t<\/div> \n\t\t<\/div>\n\t<\/div> \n\n\t<div  class=\"vc_col-sm-6 wpb_column column_container vc_column_container col no-extra-padding el_spacing_0px inherit_tablet inherit_phone\"  data-padding-pos=\"all\" data-has-bg-color=\"false\" data-bg-color=\"\" data-bg-opacity=\"1\" data-animation=\"\" data-delay=\"0\" >\n\t\t<div class=\"vc_column-inner\" >\n\t\t\t<div class=\"wpb_wrapper\">\n\t\t\t\t<div id=\"fws_69de2cace6d04\" data-midnight=\"\" data-column-margin=\"default\" class=\"wpb_row vc_row-fluid vc_row inner_row  left_padding_tablet_10pct\"  style=\"\"><div class=\"row-bg-wrap\"> <div class=\"row-bg\" ><\/div> <\/div><div class=\"row_col_wrap_12_inner col span_12  left\">\n\t<div style=\"\" class=\"vc_col-sm-12 wpb_column column_container vc_column_container col child_column no-extra-padding inherit_tablet inherit_phone\"  data-using-bg=\"true\" data-bg-cover=\"true\" data-padding-pos=\"all\" data-has-bg-color=\"false\" data-bg-color=\"\" data-bg-opacity=\"1\" data-animation=\"\" data-delay=\"0\" >\n\t\t<div class=\"vc_column-inner\" ><div class=\"column-image-bg-wrap column-bg-layer viewport-desktop\" data-n-parallax-bg=\"true\" data-parallax-speed=\"very_subtle\" data-bg-pos=\"center center\" data-bg-animation=\"none\" data-bg-overlay=\"false\"><div class=\"inner-wrap\"><div class=\"column-image-bg parallax-layer\" style=\" background-image: url('https:\/\/enchanta.ee\/wp-content\/uploads\/2024\/01\/meediaguru.ee_7517-scaled.jpg'); \"><\/div><\/div><\/div>\n\t\t<div class=\"wpb_wrapper\">\n\t\t\t<div class=\"divider-wrap height_tablet_70vh height_phone_60vh\" data-alignment=\"default\"><div style=\"height: 70vh;\" class=\"divider\"><\/div><\/div>\n\t\t<\/div> \n\t<\/div>\n\t<\/div> \n<\/div><\/div>\n\t\t\t<\/div> \n\t\t<\/div>\n\t<\/div> \n<\/div><\/div>\n\t\t<div id=\"fws_69de2cace7509\"  data-column-margin=\"default\" data-midnight=\"dark\" data-top-percent=\"4%\" data-bottom-percent=\"5%\"  class=\"wpb_row vc_row-fluid vc_row full-width-content vc_row-o-equal-height vc_row-flex vc_row-o-content-middle  right_padding_5pct left_padding_5pct\"  style=\"padding-top: calc(100vw * 0.04); padding-bottom: calc(100vw * 0.05); \"><div class=\"row-bg-wrap\" data-bg-animation=\"none\" data-bg-animation-delay=\"\" data-bg-overlay=\"false\"><div class=\"inner-wrap row-bg-layer\" ><div class=\"row-bg viewport-desktop\"  style=\"\"><\/div><\/div><\/div><div class=\"row_col_wrap_12 col span_12 dark left\">\n\t<div  class=\"vc_col-sm-7 wpb_column column_container vc_column_container col padding-3-percent no-extra-padding_tablet no-extra-padding_phone\"  data-padding-pos=\"right\" data-has-bg-color=\"false\" data-bg-color=\"\" data-bg-opacity=\"1\" data-animation=\"\" data-delay=\"0\" >\n\t\t<div class=\"vc_column-inner\" >\n\t\t\t<div class=\"wpb_wrapper\">\n\t\t\t\t<div id=\"fws_69de2cace7796\" data-midnight=\"\" data-column-margin=\"default\" class=\"wpb_row vc_row-fluid vc_row inner_row  bottom_padding_tablet_40px\"  style=\"\"><div class=\"row-bg-wrap\"> <div class=\"row-bg\" ><\/div> <\/div><div class=\"row_col_wrap_12_inner col span_12  left\">\n\t<div style=\"\" class=\"vc_col-sm-12 wpb_column column_container vc_column_container col child_column no-extra-padding inherit_tablet inherit_phone\"  data-using-bg=\"true\" data-bg-cover=\"true\" data-padding-pos=\"all\" data-has-bg-color=\"false\" data-bg-color=\"\" data-bg-opacity=\"1\" data-animation=\"\" data-delay=\"0\" >\n\t\t<div class=\"vc_column-inner\" ><div class=\"column-image-bg-wrap column-bg-layer viewport-desktop\" data-n-parallax-bg=\"true\" data-parallax-speed=\"very_subtle\" data-bg-pos=\"center center\" data-bg-animation=\"none\" data-bg-overlay=\"false\"><div class=\"inner-wrap\"><div class=\"column-image-bg parallax-layer\" style=\" background-image: url('https:\/\/enchanta.ee\/wp-content\/uploads\/2023\/10\/OIG-1.jpg'); \"><\/div><\/div><\/div>\n\t\t<div class=\"wpb_wrapper\">\n\t\t\t<div class=\"divider-wrap height_tablet_50vh\" data-alignment=\"default\"><div style=\"height: 70vh;\" class=\"divider\"><\/div><\/div>\n\t\t<\/div> \n\t<\/div>\n\t<\/div> \n<\/div><\/div>\n\t\t\t<\/div> \n\t\t<\/div>\n\t<\/div> \n\n\t<div  class=\"vc_col-sm-5 wpb_column column_container vc_column_container col padding-3-percent inherit_tablet inherit_phone\"  data-padding-pos=\"left\" data-has-bg-color=\"false\" data-bg-color=\"\" data-bg-opacity=\"1\" data-animation=\"\" data-delay=\"0\" >\n\t\t<div class=\"vc_column-inner\" >\n\t\t\t<div class=\"wpb_wrapper\">\n\t\t\t\t<div class=\"nectar-split-heading\" data-align=\"default\" data-m-align=\"inherit\" data-text-effect=\"none\" data-animation-type=\"line-reveal-by-space\" data-animation-delay=\"0\" data-animation-offset=\"\" data-m-rm-animation=\"\" data-stagger=\"\" data-custom-font-size=\"true\" style=\"font-size: 3vw; line-height: 3.3vw;\"><h2 >How to use<\/h2><\/div><div class=\"nectar-fancy-ul font_size_desktop_1-1vw font_size_phone_4-5vw font_line_height_1-7\" data-list-icon=\"icon-salient-thin-line\" data-animation=\"true\" data-animation-delay=\"0\" data-color=\"accent-color\" data-spacing=\"default\" data-alignment=\"left\"> \n<ul>\n<li>Run the bath with water as hot as you can tolerate.<\/li>\n<li><i class=\"icon-default-style icon-salient-thin-line accent-color\"><\/i>If you don't have a bath, it is possible to perform the same procedure under a hot shower or in a sauna. In this case, you need to rub yourself with the plants for a longer time and heat your body well beforehand.<\/li>\n<li><i class=\"icon-default-style icon-salient-thin-line accent-color\"><\/i>Sprinkle half a jar of the Attraction herbal blend into the bath.<\/li>\n<li><i class=\"icon-default-style icon-salient-thin-line accent-color\"><\/i>Light a white, gold, or shimmering silver candle.<\/li>\n<li><i class=\"icon-default-style icon-salient-thin-line accent-color\"><\/i>Meditate quietly in front of a mirror or an altar. Focus on gratitude and respect for life.<\/li>\n<li><i class=\"icon-default-style icon-salient-thin-line accent-color\"><\/i>Then, get into the bath and visualize your desire.<\/li>\n<li><i class=\"icon-default-style icon-salient-thin-line accent-color\"><\/i>Rub your body with the plants.<\/li>\n<li><i class=\"icon-default-style icon-salient-thin-line accent-color\"><\/i>Hum and chant, adjusting your energy and aura field. At the same time, keep your focus on visualizing your goal.<\/li>\n<li><i class=\"icon-default-style icon-salient-thin-line accent-color\"><\/i>When you feel the moment is right, step out of the bath and make 3 circles clockwise.<\/li>\n<li><i class=\"icon-default-style icon-salient-thin-line accent-color\"><\/i>Let the bathwater dry naturally on your skin<i class=\"icon-default-style icon-salient-thin-line accent-color\"><\/i><\/li>\n<li><i class=\"icon-default-style icon-salient-thin-line accent-color\"><\/i>Take the plants you remove from the bath to the forest.<\/li>\n<\/ul>\n <\/div>\n\t\t\t<\/div> \n\t\t<\/div>\n\t<\/div> \n<\/div><\/div>","protected":false},"excerpt":{"rendered":"<p>In life, there may be situations where we need to become more visible to achieve our goals, whether in our professional or love life. This exclusive, radiant, and uplifting herbal blend enhances your personal charm and confidence, drawing attention and interest.<\/p>","protected":false},"featured_media":3309,"template":"","meta":[],"product_brand":[],"product_cat":[19,21,29,28,23],"product_tag":[],"class_list":{"0":"post-2761","1":"product","2":"type-product","3":"status-publish","4":"has-post-thumbnail","6":"product_cat-armastus-suhted","7":"product_cat-kullus","8":"product_cat-kumbluseks","9":"product_cat-taimesegud","10":"product_cat-vaimsed-voimed","12":"first","13":"instock","14":"sale","15":"shipping-taxable","16":"purchasable","17":"product-type-simple"},"yoast_head":"<!-- This site is optimized with the Yoast SEO plugin v27.3 - https:\/\/yoast.com\/product\/yoast-seo-wordpress\/ -->\n<title>Ligit\u00f5mbav veetlus | Taimesegu - Enchanta<\/title>\n<meta name=\"robots\" content=\"index, follow, max-snippet:-1, max-image-preview:large, max-video-preview:-1\" \/>\n<link rel=\"canonical\" href=\"https:\/\/enchanta.ee\/en\/product\/ligitombav-veetlus\/\" \/>\n<meta property=\"og:locale\" content=\"en_US\" \/>\n<meta property=\"og:type\" content=\"article\" \/>\n<meta property=\"og:title\" content=\"Ligit\u00f5mbav veetlus | Taimesegu - Enchanta\" \/>\n<meta property=\"og:description\" content=\"Elus v\u00f5ib ette tulla olukordi, kus meil on vaja muutuda n\u00e4htavamaks, et saavutada oma eesm\u00e4rke - olgu see siis t\u00f6\u00f6- v\u00f5i armuelus. Eksklusiivne, s\u00e4rav ja meeli\u00fclendav taimesegu suurendab Sinu isiklikku veetlust ja enesekindlust, tuues t\u00e4helepanu ja huvi.\" \/>\n<meta property=\"og:url\" content=\"https:\/\/enchanta.ee\/en\/product\/ligitombav-veetlus\/\" \/>\n<meta property=\"og:site_name\" content=\"Enchanta\" \/>\n<meta property=\"article:modified_time\" content=\"2024-11-29T08:35:23+00:00\" \/>\n<meta property=\"og:image\" content=\"https:\/\/enchanta.ee\/wp-content\/uploads\/2024\/04\/Photoroom_20240710_212302.jpg\" \/>\n\t<meta property=\"og:image:width\" content=\"1512\" \/>\n\t<meta property=\"og:image:height\" content=\"1512\" \/>\n\t<meta property=\"og:image:type\" content=\"image\/jpeg\" \/>\n<meta name=\"twitter:card\" content=\"summary_large_image\" \/>\n<meta name=\"twitter:label1\" content=\"Est. reading time\" \/>\n\t<meta name=\"twitter:data1\" content=\"3 minutes\" \/>\n<script type=\"application\/ld+json\" class=\"yoast-schema-graph\">{\"@context\":\"https:\\\/\\\/schema.org\",\"@graph\":[{\"@type\":\"WebPage\",\"@id\":\"https:\\\/\\\/enchanta.ee\\\/toode\\\/ligitombav-veetlus\\\/\",\"url\":\"https:\\\/\\\/enchanta.ee\\\/toode\\\/ligitombav-veetlus\\\/\",\"name\":\"Ligit\u00f5mbav veetlus | Taimesegu - Enchanta\",\"isPartOf\":{\"@id\":\"https:\\\/\\\/enchanta.ee\\\/#website\"},\"primaryImageOfPage\":{\"@id\":\"https:\\\/\\\/enchanta.ee\\\/toode\\\/ligitombav-veetlus\\\/#primaryimage\"},\"image\":{\"@id\":\"https:\\\/\\\/enchanta.ee\\\/toode\\\/ligitombav-veetlus\\\/#primaryimage\"},\"thumbnailUrl\":\"https:\\\/\\\/enchanta.ee\\\/wp-content\\\/uploads\\\/2024\\\/04\\\/Photoroom_20240710_212302.jpg\",\"datePublished\":\"2024-01-05T20:45:08+00:00\",\"dateModified\":\"2024-11-29T08:35:23+00:00\",\"breadcrumb\":{\"@id\":\"https:\\\/\\\/enchanta.ee\\\/toode\\\/ligitombav-veetlus\\\/#breadcrumb\"},\"inLanguage\":\"en-US\",\"potentialAction\":[{\"@type\":\"ReadAction\",\"target\":[\"https:\\\/\\\/enchanta.ee\\\/toode\\\/ligitombav-veetlus\\\/\"]}]},{\"@type\":\"ImageObject\",\"inLanguage\":\"en-US\",\"@id\":\"https:\\\/\\\/enchanta.ee\\\/toode\\\/ligitombav-veetlus\\\/#primaryimage\",\"url\":\"https:\\\/\\\/enchanta.ee\\\/wp-content\\\/uploads\\\/2024\\\/04\\\/Photoroom_20240710_212302.jpg\",\"contentUrl\":\"https:\\\/\\\/enchanta.ee\\\/wp-content\\\/uploads\\\/2024\\\/04\\\/Photoroom_20240710_212302.jpg\",\"width\":1512,\"height\":1512},{\"@type\":\"BreadcrumbList\",\"@id\":\"https:\\\/\\\/enchanta.ee\\\/toode\\\/ligitombav-veetlus\\\/#breadcrumb\",\"itemListElement\":[{\"@type\":\"ListItem\",\"position\":1,\"name\":\"Home\",\"item\":\"https:\\\/\\\/enchanta.ee\\\/\"},{\"@type\":\"ListItem\",\"position\":2,\"name\":\"Pood\",\"item\":\"https:\\\/\\\/enchanta.ee\\\/shop\\\/\"},{\"@type\":\"ListItem\",\"position\":3,\"name\":\"Ligit\u00f5mbav veetlus | Taimesegu\"}]},{\"@type\":\"WebSite\",\"@id\":\"https:\\\/\\\/enchanta.ee\\\/#website\",\"url\":\"https:\\\/\\\/enchanta.ee\\\/\",\"name\":\"Enchanta\",\"description\":\"Kodune maagia\",\"publisher\":{\"@id\":\"https:\\\/\\\/enchanta.ee\\\/#organization\"},\"potentialAction\":[{\"@type\":\"SearchAction\",\"target\":{\"@type\":\"EntryPoint\",\"urlTemplate\":\"https:\\\/\\\/enchanta.ee\\\/?s={search_term_string}\"},\"query-input\":{\"@type\":\"PropertyValueSpecification\",\"valueRequired\":true,\"valueName\":\"search_term_string\"}}],\"inLanguage\":\"en-US\"},{\"@type\":\"Organization\",\"@id\":\"https:\\\/\\\/enchanta.ee\\\/#organization\",\"name\":\"Enchanta\",\"url\":\"https:\\\/\\\/enchanta.ee\\\/\",\"logo\":{\"@type\":\"ImageObject\",\"inLanguage\":\"en-US\",\"@id\":\"https:\\\/\\\/enchanta.ee\\\/#\\\/schema\\\/logo\\\/image\\\/\",\"url\":\"https:\\\/\\\/enchanta.ee\\\/wp-content\\\/uploads\\\/2023\\\/11\\\/Enchanta.png\",\"contentUrl\":\"https:\\\/\\\/enchanta.ee\\\/wp-content\\\/uploads\\\/2023\\\/11\\\/Enchanta.png\",\"width\":231,\"height\":149,\"caption\":\"Enchanta\"},\"image\":{\"@id\":\"https:\\\/\\\/enchanta.ee\\\/#\\\/schema\\\/logo\\\/image\\\/\"}}]}<\/script>\n<!-- \/ Yoast SEO plugin. -->","yoast_head_json":{"title":"Ligit\u00f5mbav veetlus | Taimesegu - Enchanta","robots":{"index":"index","follow":"follow","max-snippet":"max-snippet:-1","max-image-preview":"max-image-preview:large","max-video-preview":"max-video-preview:-1"},"canonical":"https:\/\/enchanta.ee\/en\/product\/ligitombav-veetlus\/","og_locale":"en_US","og_type":"article","og_title":"Ligit\u00f5mbav veetlus | Taimesegu - Enchanta","og_description":"Elus v\u00f5ib ette tulla olukordi, kus meil on vaja muutuda n\u00e4htavamaks, et saavutada oma eesm\u00e4rke - olgu see siis t\u00f6\u00f6- v\u00f5i armuelus. Eksklusiivne, s\u00e4rav ja meeli\u00fclendav taimesegu suurendab Sinu isiklikku veetlust ja enesekindlust, tuues t\u00e4helepanu ja huvi.","og_url":"https:\/\/enchanta.ee\/en\/product\/ligitombav-veetlus\/","og_site_name":"Enchanta","article_modified_time":"2024-11-29T08:35:23+00:00","og_image":[{"width":1512,"height":1512,"url":"https:\/\/enchanta.ee\/wp-content\/uploads\/2024\/04\/Photoroom_20240710_212302.jpg","type":"image\/jpeg"}],"twitter_card":"summary_large_image","twitter_misc":{"Est. reading time":"3 minutes"},"schema":{"@context":"https:\/\/schema.org","@graph":[{"@type":"WebPage","@id":"https:\/\/enchanta.ee\/toode\/ligitombav-veetlus\/","url":"https:\/\/enchanta.ee\/toode\/ligitombav-veetlus\/","name":"Ligit\u00f5mbav veetlus | Taimesegu - Enchanta","isPartOf":{"@id":"https:\/\/enchanta.ee\/#website"},"primaryImageOfPage":{"@id":"https:\/\/enchanta.ee\/toode\/ligitombav-veetlus\/#primaryimage"},"image":{"@id":"https:\/\/enchanta.ee\/toode\/ligitombav-veetlus\/#primaryimage"},"thumbnailUrl":"https:\/\/enchanta.ee\/wp-content\/uploads\/2024\/04\/Photoroom_20240710_212302.jpg","datePublished":"2024-01-05T20:45:08+00:00","dateModified":"2024-11-29T08:35:23+00:00","breadcrumb":{"@id":"https:\/\/enchanta.ee\/toode\/ligitombav-veetlus\/#breadcrumb"},"inLanguage":"en-US","potentialAction":[{"@type":"ReadAction","target":["https:\/\/enchanta.ee\/toode\/ligitombav-veetlus\/"]}]},{"@type":"ImageObject","inLanguage":"en-US","@id":"https:\/\/enchanta.ee\/toode\/ligitombav-veetlus\/#primaryimage","url":"https:\/\/enchanta.ee\/wp-content\/uploads\/2024\/04\/Photoroom_20240710_212302.jpg","contentUrl":"https:\/\/enchanta.ee\/wp-content\/uploads\/2024\/04\/Photoroom_20240710_212302.jpg","width":1512,"height":1512},{"@type":"BreadcrumbList","@id":"https:\/\/enchanta.ee\/toode\/ligitombav-veetlus\/#breadcrumb","itemListElement":[{"@type":"ListItem","position":1,"name":"Home","item":"https:\/\/enchanta.ee\/"},{"@type":"ListItem","position":2,"name":"Pood","item":"https:\/\/enchanta.ee\/shop\/"},{"@type":"ListItem","position":3,"name":"Ligit\u00f5mbav veetlus | Taimesegu"}]},{"@type":"WebSite","@id":"https:\/\/enchanta.ee\/#website","url":"https:\/\/enchanta.ee\/","name":"magic of","description":"Kodune maagia","publisher":{"@id":"https:\/\/enchanta.ee\/#organization"},"potentialAction":[{"@type":"SearchAction","target":{"@type":"EntryPoint","urlTemplate":"https:\/\/enchanta.ee\/?s={search_term_string}"},"query-input":{"@type":"PropertyValueSpecification","valueRequired":true,"valueName":"search_term_string"}}],"inLanguage":"en-US"},{"@type":"Organization","@id":"https:\/\/enchanta.ee\/#organization","name":"magic of","url":"https:\/\/enchanta.ee\/","logo":{"@type":"ImageObject","inLanguage":"en-US","@id":"https:\/\/enchanta.ee\/#\/schema\/logo\/image\/","url":"https:\/\/enchanta.ee\/wp-content\/uploads\/2023\/11\/Enchanta.png","contentUrl":"https:\/\/enchanta.ee\/wp-content\/uploads\/2023\/11\/Enchanta.png","width":231,"height":149,"caption":"Enchanta"},"image":{"@id":"https:\/\/enchanta.ee\/#\/schema\/logo\/image\/"}}]}},"_links":{"self":[{"href":"https:\/\/enchanta.ee\/en\/wp-json\/wp\/v2\/product\/2761","targetHints":{"allow":["GET"]}}],"collection":[{"href":"https:\/\/enchanta.ee\/en\/wp-json\/wp\/v2\/product"}],"about":[{"href":"https:\/\/enchanta.ee\/en\/wp-json\/wp\/v2\/types\/product"}],"wp:featuredmedia":[{"embeddable":true,"href":"https:\/\/enchanta.ee\/en\/wp-json\/wp\/v2\/media\/3309"}],"wp:attachment":[{"href":"https:\/\/enchanta.ee\/en\/wp-json\/wp\/v2\/media?parent=2761"}],"wp:term":[{"taxonomy":"product_brand","embeddable":true,"href":"https:\/\/enchanta.ee\/en\/wp-json\/wp\/v2\/product_brand?post=2761"},{"taxonomy":"product_cat","embeddable":true,"href":"https:\/\/enchanta.ee\/en\/wp-json\/wp\/v2\/product_cat?post=2761"},{"taxonomy":"product_tag","embeddable":true,"href":"https:\/\/enchanta.ee\/en\/wp-json\/wp\/v2\/product_tag?post=2761"}],"curies":[{"name":"wp","href":"https:\/\/api.w.org\/{rel}","templated":true}]}}